{"id":2262,"date":"2021-02-12T16:15:49","date_gmt":"2021-02-12T19:15:49","guid":{"rendered":"http:\/\/carwashexpo.com.br\/sitenovo\/?page_id=2262"},"modified":"2022-05-10T10:38:02","modified_gmt":"2022-05-10T13:38:02","slug":"contato","status":"publish","type":"page","link":"https:\/\/carwashexpo.com.br\/site-novo\/contato\/","title":{"rendered":"Contato"},"content":{"rendered":"<p><section data-kc-fullwidth=\"content\" class=\"kc-elm kc-css-92822 kc_row\"><div class=\"kc-row-container\"><div class=\"kc-wrap-columns\"><div class=\"kc-elm kc-css-134716 kc_col-sm-12 kc_column kc_col-sm-12\"><div class=\"kc-col-container\"><div class=\"kc-elm kc-css-510855 kc_text_block\"><\/p>\n<h3>Fale Conosco<\/h3>\n<p>\n<\/div><\/div><\/div><\/div><\/div><\/section><section data-kc-fullwidth=\"content\" class=\"kc-elm kc-css-731828 kc_row\"><div class=\"kc-row-container\"><div class=\"kc-wrap-columns\"><div class=\"kc-elm kc-css-247957 kc_col-sm-12 kc_column kc_col-sm-12\"><div class=\"kc-col-container\"><div class=\"kc-elm kc-css-126659 kc_text_block\"><\/p>\n<h3>Telefone<\/h3>\n<p>\n<\/div><\/div><\/div><\/div><\/div><\/section><section data-kc-fullwidth=\"content\" class=\"kc-elm kc-css-517506 kc_row\"><div class=\"kc-row-container\"><div class=\"kc-wrap-columns\"><div class=\"kc-elm kc-css-384560 kc_col-sm-12 kc_column kc_col-sm-12\"><div class=\"kc-col-container\"><div class=\"kc-elm kc-css-65543 kc_text_block\"><\/p>\n<p>+55 11 4114-4391<br \/>\n+55 11 98966-4142<br \/>\n<a style=\"color: #000 !important;\" href=\"mailto:carwashexpo@newbrandsolution.com.br \">carwashexpo@newbrandsolution.com.br <\/a><\/p>\n<p>\n<\/div><\/div><\/div><\/div><\/div><\/section><section data-kc-fullwidth=\"content\" class=\"kc-elm kc-css-531046 kc_row\"><div class=\"kc-row-container\"><div class=\"kc-wrap-columns\"><div class=\"kc-elm kc-css-350933 kc_col-sm-12 kc_column kc_col-sm-12\"><div class=\"kc-col-container\"><div class=\"kc-elm kc-css-433866\" style=\"height: 20px; clear: both; width:100%;\"><\/div><\/div><\/div><\/div><\/div><\/section><section data-kc-fullwidth=\"content\" class=\"kc-elm kc-css-336996 kc_row\"><div class=\"kc-row-container\"><div class=\"kc-wrap-columns\"><div class=\"kc-elm kc-css-455512 kc_col-sm-1 kc_column kc_col-sm-1\"><div class=\"kc-col-container\"><div class=\"kc-elm kc-css-806225\" style=\"height: 20px; clear: both; width:100%;\"><\/div><\/div><\/div><div class=\"kc-elm kc-css-154955 kc_col-sm-12 kc_column kc_col-sm-12\"><div class=\"kc-col-container\"><div class=\"kc-elm kc-css-310399 kc-raw-code\">\n<div class=\"wpcf7 no-js\" id=\"wpcf7-f2307-o1\" lang=\"pt-BR\" dir=\"ltr\" data-wpcf7-id=\"2307\">\n<div class=\"screen-reader-response\"><p role=\"status\" aria-live=\"polite\" aria-atomic=\"true\"><\/p> <ul><\/ul><\/div>\n<form action=\"\/site-novo\/wp-json\/wp\/v2\/pages\/2262#wpcf7-f2307-o1\" method=\"post\" class=\"wpcf7-form init\" aria-label=\"Formul\u00e1rios de contato\" novalidate=\"novalidate\" data-status=\"init\">\n<fieldset class=\"hidden-fields-container\"><input type=\"hidden\" name=\"_wpcf7\" value=\"2307\" \/><input type=\"hidden\" name=\"_wpcf7_version\" value=\"6.1.1\" \/><input type=\"hidden\" name=\"_wpcf7_locale\" value=\"pt_BR\" \/><input type=\"hidden\" name=\"_wpcf7_unit_tag\" value=\"wpcf7-f2307-o1\" \/><input type=\"hidden\" name=\"_wpcf7_container_post\" value=\"0\" \/><input type=\"hidden\" name=\"_wpcf7_posted_data_hash\" value=\"\" \/>\n<\/fieldset>\n<div class=\"uacf7-form-wrapper-container uacf7-form-2307  \"><label> Nome*: <br \/>\n    <span class=\"wpcf7-form-control-wrap\" data-name=\"your-name\"><input size=\"40\" maxlength=\"400\" class=\"wpcf7-form-control wpcf7-text wpcf7-validates-as-required\" aria-required=\"true\" aria-invalid=\"false\" value=\"\" type=\"text\" name=\"your-name\" \/><\/span> <\/label>\n\n<label> E-mail*: <br \/>\n    <span class=\"wpcf7-form-control-wrap\" data-name=\"your-email\"><input size=\"40\" maxlength=\"400\" class=\"wpcf7-form-control wpcf7-email wpcf7-validates-as-required wpcf7-text wpcf7-validates-as-email\" aria-required=\"true\" aria-invalid=\"false\" value=\"\" type=\"email\" name=\"your-email\" \/><\/span> <\/label>\n\n<label> Telefone*: <br \/>\n    <span class=\"wpcf7-form-control-wrap\" data-name=\"your-subject\"><input size=\"40\" maxlength=\"400\" class=\"wpcf7-form-control wpcf7-text wpcf7-validates-as-required\" aria-required=\"true\" aria-invalid=\"false\" value=\"\" type=\"text\" name=\"your-subject\" \/><\/span> <\/label>\n\n<label> Assunto*: <br \/>\n    <span class=\"wpcf7-form-control-wrap\" data-name=\"menu-384\"><select class=\"wpcf7-form-control wpcf7-select wpcf7-validates-as-required\" aria-required=\"true\" aria-invalid=\"false\" name=\"menu-384\"><option value=\"\"><\/option><option value=\"Quero Visitar\">Quero Visitar<\/option><option value=\"Tirar uma D\u00favida\">Tirar uma D\u00favida<\/option><option value=\"Quero Expor\">Quero Expor<\/option><option value=\"Quero Patrocinar\">Quero Patrocinar<\/option><option value=\"Imprensa\">Imprensa<\/option><option value=\"Outros\">Outros<\/option><\/select><\/span> <\/label>\n\n<label> Mensagem*: <br \/>\n    <span class=\"wpcf7-form-control-wrap\" data-name=\"your-message\"><textarea cols=\"40\" rows=\"10\" maxlength=\"2000\" class=\"wpcf7-form-control wpcf7-textarea wpcf7-validates-as-required\" aria-required=\"true\" aria-invalid=\"false\" name=\"your-message\"><\/textarea><\/span>\n<p>*Campos Obrigat\u00f3rios<\/p> \n\n<input class=\"wpcf7-form-control wpcf7-submit has-spinner\" type=\"submit\" value=\"Enviar\" \/><\/div><div class=\"wpcf7-response-output\" aria-hidden=\"true\"><\/div>\n<\/form>\n<\/div>\n<\/div><\/div><\/div><\/div><\/div><\/section><\/p>\n","protected":false},"excerpt":{"rendered":"","protected":false},"author":1,"featured_media":0,"parent":0,"menu_order":0,"comment_status":"closed","ping_status":"closed","template":"","meta":{"inline_featured_image":false,"site-sidebar-layout":"default","site-content-layout":"","ast-site-content-layout":"default","site-content-style":"default","site-sidebar-style":"default","ast-global-header-display":"","ast-banner-title-visibility":"","ast-main-header-display":"","ast-hfb-above-header-display":"","ast-hfb-below-header-display":"","ast-hfb-mobile-header-display":"","site-post-title":"","ast-breadcrumbs-content":"","ast-featured-img":"","footer-sml-layout":"","theme-transparent-header-meta":"","adv-header-id-meta":"","stick-header-meta":"","header-above-stick-meta":"","header-main-stick-meta":"","header-below-stick-meta":"","astra-migrate-meta-layouts":"default","ast-page-background-enabled":"default","ast-page-background-meta":{"desktop":{"background-color":"var(--ast-global-color-4)","background-image":"","background-repeat":"repeat","background-position":"center center","background-size":"auto","background-attachment":"scroll","background-type":"","background-media":"","overlay-type":"","overlay-color":"","overlay-opacity":"","overlay-gradient":""},"tablet":{"background-color":"","background-image":"","background-repeat":"repeat","background-position":"center center","background-size":"auto","background-attachment":"scroll","background-type":"","background-media":"","overlay-type":"","overlay-color":"","overlay-opacity":"","overlay-gradient":""},"mobile":{"background-color":"","background-image":"","background-repeat":"repeat","background-position":"center center","background-size":"auto","background-attachment":"scroll","background-type":"","background-media":"","overlay-type":"","overlay-color":"","overlay-opacity":"","overlay-gradient":""}},"ast-content-background-meta":{"desktop":{"background-color":"var(--ast-global-color-5)","background-image":"","background-repeat":"repeat","background-position":"center center","background-size":"auto","background-attachment":"scroll","background-type":"","background-media":"","overlay-type":"","overlay-color":"","overlay-opacity":"","overlay-gradient":""},"tablet":{"background-color":"var(--ast-global-color-5)","background-image":"","background-repeat":"repeat","background-position":"center center","background-size":"auto","background-attachment":"scroll","background-type":"","background-media":"","overlay-type":"","overlay-color":"","overlay-opacity":"","overlay-gradient":""},"mobile":{"background-color":"var(--ast-global-color-5)","background-image":"","background-repeat":"repeat","background-position":"center center","background-size":"auto","background-attachment":"scroll","background-type":"","background-media":"","overlay-type":"","overlay-color":"","overlay-opacity":"","overlay-gradient":""}},"footnotes":""},"class_list":["post-2262","page","type-page","status-publish","hentry"],"yoast_head":"<!-- This site is optimized with the Yoast SEO plugin v25.9 - https:\/\/yoast.com\/wordpress\/plugins\/seo\/ -->\n<title>Contato - Car Wash Expo<\/title>\n<meta name=\"description\" content=\"A CAR WASH EXPO foi idealizada para suprir a necessidade de uma feira profissional espec\u00edfica para o setor de limpeza e est\u00e9tica automotiva. Em um \u00fanico local, pretendemos aproximar fornecedores especializados de um p\u00fablico tomador de decis\u00e3o em busca de solu\u00e7\u00f5es para agregar valor aos seus servi\u00e7os.\" \/>\n<meta name=\"robots\" content=\"index, follow, max-snippet:-1, max-image-preview:large, max-video-preview:-1\" \/>\n<link rel=\"canonical\" href=\"https:\/\/carwashexpo.com.br\/site-novo\/contato\/\" \/>\n<meta property=\"og:locale\" content=\"pt_BR\" \/>\n<meta property=\"og:type\" content=\"article\" \/>\n<meta property=\"og:title\" content=\"Contato - Car Wash Expo\" \/>\n<meta property=\"og:description\" content=\"A CAR WASH EXPO foi idealizada para suprir a necessidade de uma feira profissional espec\u00edfica para o setor de limpeza e est\u00e9tica automotiva. Em um \u00fanico local, pretendemos aproximar fornecedores especializados de um p\u00fablico tomador de decis\u00e3o em busca de solu\u00e7\u00f5es para agregar valor aos seus servi\u00e7os.\" \/>\n<meta property=\"og:url\" content=\"https:\/\/carwashexpo.com.br\/site-novo\/contato\/\" \/>\n<meta property=\"og:site_name\" content=\"Car Wash Expo\" \/>\n<meta property=\"article:publisher\" content=\"https:\/\/www.facebook.com\/CAR-WASH-EXPO-100771745399485\" \/>\n<meta property=\"article:modified_time\" content=\"2022-05-10T13:38:02+00:00\" \/>\n<meta name=\"twitter:card\" content=\"summary_large_image\" \/>\n<script type=\"application\/ld+json\" class=\"yoast-schema-graph\">{\"@context\":\"https:\/\/schema.org\",\"@graph\":[{\"@type\":\"WebPage\",\"@id\":\"https:\/\/carwashexpo.com.br\/site-novo\/contato\/\",\"url\":\"https:\/\/carwashexpo.com.br\/site-novo\/contato\/\",\"name\":\"Contato - Car Wash Expo\",\"isPartOf\":{\"@id\":\"https:\/\/carwashexpo.com.br\/site-novo\/#website\"},\"datePublished\":\"2021-02-12T19:15:49+00:00\",\"dateModified\":\"2022-05-10T13:38:02+00:00\",\"description\":\"A CAR WASH EXPO foi idealizada para suprir a necessidade de uma feira profissional espec\u00edfica para o setor de limpeza e est\u00e9tica automotiva. Em um \u00fanico local, pretendemos aproximar fornecedores especializados de um p\u00fablico tomador de decis\u00e3o em busca de solu\u00e7\u00f5es para agregar valor aos seus servi\u00e7os.\",\"breadcrumb\":{\"@id\":\"https:\/\/carwashexpo.com.br\/site-novo\/contato\/#breadcrumb\"},\"inLanguage\":\"pt-BR\",\"potentialAction\":[{\"@type\":\"ReadAction\",\"target\":[\"https:\/\/carwashexpo.com.br\/site-novo\/contato\/\"]}]},{\"@type\":\"BreadcrumbList\",\"@id\":\"https:\/\/carwashexpo.com.br\/site-novo\/contato\/#breadcrumb\",\"itemListElement\":[{\"@type\":\"ListItem\",\"position\":1,\"name\":\"In\u00edcio\",\"item\":\"https:\/\/carwashexpo.com.br\/site-novo\/\"},{\"@type\":\"ListItem\",\"position\":2,\"name\":\"Contato\"}]},{\"@type\":\"WebSite\",\"@id\":\"https:\/\/carwashexpo.com.br\/site-novo\/#website\",\"url\":\"https:\/\/carwashexpo.com.br\/site-novo\/\",\"name\":\"Car Wash Expo\",\"description\":\"\",\"publisher\":{\"@id\":\"https:\/\/carwashexpo.com.br\/site-novo\/#organization\"},\"potentialAction\":[{\"@type\":\"SearchAction\",\"target\":{\"@type\":\"EntryPoint\",\"urlTemplate\":\"https:\/\/carwashexpo.com.br\/site-novo\/?s={search_term_string}\"},\"query-input\":{\"@type\":\"PropertyValueSpecification\",\"valueRequired\":true,\"valueName\":\"search_term_string\"}}],\"inLanguage\":\"pt-BR\"},{\"@type\":\"Organization\",\"@id\":\"https:\/\/carwashexpo.com.br\/site-novo\/#organization\",\"name\":\"Car Wash Expo\",\"url\":\"https:\/\/carwashexpo.com.br\/site-novo\/\",\"logo\":{\"@type\":\"ImageObject\",\"inLanguage\":\"pt-BR\",\"@id\":\"https:\/\/carwashexpo.com.br\/site-novo\/#\/schema\/logo\/image\/\",\"url\":\"https:\/\/carwashexpo.com.br\/site-novo\/wp-content\/uploads\/2021\/02\/logo-car-wash-expo.svg\",\"contentUrl\":\"https:\/\/carwashexpo.com.br\/site-novo\/wp-content\/uploads\/2021\/02\/logo-car-wash-expo.svg\",\"width\":128,\"height\":44,\"caption\":\"Car Wash Expo\"},\"image\":{\"@id\":\"https:\/\/carwashexpo.com.br\/site-novo\/#\/schema\/logo\/image\/\"},\"sameAs\":[\"https:\/\/www.facebook.com\/CAR-WASH-EXPO-100771745399485\",\"https:\/\/www.instagram.com\/carwashexpo\/\"]}]}<\/script>\n<!-- \/ Yoast SEO plugin. -->","yoast_head_json":{"title":"Contato - Car Wash Expo","description":"A CAR WASH EXPO foi idealizada para suprir a necessidade de uma feira profissional espec\u00edfica para o setor de limpeza e est\u00e9tica automotiva. Em um \u00fanico local, pretendemos aproximar fornecedores especializados de um p\u00fablico tomador de decis\u00e3o em busca de solu\u00e7\u00f5es para agregar valor aos seus servi\u00e7os.","robots":{"index":"index","follow":"follow","max-snippet":"max-snippet:-1","max-image-preview":"max-image-preview:large","max-video-preview":"max-video-preview:-1"},"canonical":"https:\/\/carwashexpo.com.br\/site-novo\/contato\/","og_locale":"pt_BR","og_type":"article","og_title":"Contato - Car Wash Expo","og_description":"A CAR WASH EXPO foi idealizada para suprir a necessidade de uma feira profissional espec\u00edfica para o setor de limpeza e est\u00e9tica automotiva. Em um \u00fanico local, pretendemos aproximar fornecedores especializados de um p\u00fablico tomador de decis\u00e3o em busca de solu\u00e7\u00f5es para agregar valor aos seus servi\u00e7os.","og_url":"https:\/\/carwashexpo.com.br\/site-novo\/contato\/","og_site_name":"Car Wash Expo","article_publisher":"https:\/\/www.facebook.com\/CAR-WASH-EXPO-100771745399485","article_modified_time":"2022-05-10T13:38:02+00:00","twitter_card":"summary_large_image","schema":{"@context":"https:\/\/schema.org","@graph":[{"@type":"WebPage","@id":"https:\/\/carwashexpo.com.br\/site-novo\/contato\/","url":"https:\/\/carwashexpo.com.br\/site-novo\/contato\/","name":"Contato - Car Wash Expo","isPartOf":{"@id":"https:\/\/carwashexpo.com.br\/site-novo\/#website"},"datePublished":"2021-02-12T19:15:49+00:00","dateModified":"2022-05-10T13:38:02+00:00","description":"A CAR WASH EXPO foi idealizada para suprir a necessidade de uma feira profissional espec\u00edfica para o setor de limpeza e est\u00e9tica automotiva. Em um \u00fanico local, pretendemos aproximar fornecedores especializados de um p\u00fablico tomador de decis\u00e3o em busca de solu\u00e7\u00f5es para agregar valor aos seus servi\u00e7os.","breadcrumb":{"@id":"https:\/\/carwashexpo.com.br\/site-novo\/contato\/#breadcrumb"},"inLanguage":"pt-BR","potentialAction":[{"@type":"ReadAction","target":["https:\/\/carwashexpo.com.br\/site-novo\/contato\/"]}]},{"@type":"BreadcrumbList","@id":"https:\/\/carwashexpo.com.br\/site-novo\/contato\/#breadcrumb","itemListElement":[{"@type":"ListItem","position":1,"name":"In\u00edcio","item":"https:\/\/carwashexpo.com.br\/site-novo\/"},{"@type":"ListItem","position":2,"name":"Contato"}]},{"@type":"WebSite","@id":"https:\/\/carwashexpo.com.br\/site-novo\/#website","url":"https:\/\/carwashexpo.com.br\/site-novo\/","name":"Car Wash Expo","description":"","publisher":{"@id":"https:\/\/carwashexpo.com.br\/site-novo\/#organization"},"potentialAction":[{"@type":"SearchAction","target":{"@type":"EntryPoint","urlTemplate":"https:\/\/carwashexpo.com.br\/site-novo\/?s={search_term_string}"},"query-input":{"@type":"PropertyValueSpecification","valueRequired":true,"valueName":"search_term_string"}}],"inLanguage":"pt-BR"},{"@type":"Organization","@id":"https:\/\/carwashexpo.com.br\/site-novo\/#organization","name":"Car Wash Expo","url":"https:\/\/carwashexpo.com.br\/site-novo\/","logo":{"@type":"ImageObject","inLanguage":"pt-BR","@id":"https:\/\/carwashexpo.com.br\/site-novo\/#\/schema\/logo\/image\/","url":"https:\/\/carwashexpo.com.br\/site-novo\/wp-content\/uploads\/2021\/02\/logo-car-wash-expo.svg","contentUrl":"https:\/\/carwashexpo.com.br\/site-novo\/wp-content\/uploads\/2021\/02\/logo-car-wash-expo.svg","width":128,"height":44,"caption":"Car Wash Expo"},"image":{"@id":"https:\/\/carwashexpo.com.br\/site-novo\/#\/schema\/logo\/image\/"},"sameAs":["https:\/\/www.facebook.com\/CAR-WASH-EXPO-100771745399485","https:\/\/www.instagram.com\/carwashexpo\/"]}]}},"_links":{"self":[{"href":"https:\/\/carwashexpo.com.br\/site-novo\/wp-json\/wp\/v2\/pages\/2262","targetHints":{"allow":["GET"]}}],"collection":[{"href":"https:\/\/carwashexpo.com.br\/site-novo\/wp-json\/wp\/v2\/pages"}],"about":[{"href":"https:\/\/carwashexpo.com.br\/site-novo\/wp-json\/wp\/v2\/types\/page"}],"author":[{"embeddable":true,"href":"https:\/\/carwashexpo.com.br\/site-novo\/wp-json\/wp\/v2\/users\/1"}],"replies":[{"embeddable":true,"href":"https:\/\/carwashexpo.com.br\/site-novo\/wp-json\/wp\/v2\/comments?post=2262"}],"version-history":[{"count":17,"href":"https:\/\/carwashexpo.com.br\/site-novo\/wp-json\/wp\/v2\/pages\/2262\/revisions"}],"predecessor-version":[{"id":2974,"href":"https:\/\/carwashexpo.com.br\/site-novo\/wp-json\/wp\/v2\/pages\/2262\/revisions\/2974"}],"wp:attachment":[{"href":"https:\/\/carwashexpo.com.br\/site-novo\/wp-json\/wp\/v2\/media?parent=2262"}],"curies":[{"name":"wp","href":"https:\/\/api.w.org\/{rel}","templated":true}]}}