{"id":2219,"date":"2021-02-12T15:16:47","date_gmt":"2021-02-12T18:16:47","guid":{"rendered":"http:\/\/carwashexpo.com.br\/sitenovo\/?page_id=2219"},"modified":"2023-08-29T09:58:18","modified_gmt":"2023-08-29T12:58:18","slug":"por-que-expor","status":"publish","type":"page","link":"https:\/\/carwashexpo.com.br\/site-novo\/por-que-expor\/","title":{"rendered":"Por que Expor"},"content":{"rendered":"<p><section data-kc-fullwidth=\"content\" class=\"kc-elm kc-css-37750 kc_row\"><div class=\"kc-row-container\"><div class=\"kc-wrap-columns\"><div class=\"kc-elm kc-css-558181 kc_column kc_col-sm-12\"><div class=\"kc-col-container\"><div class=\"kc-elm kc-css-505375 kc_text_block\"><\/p>\n<h3>Conhe\u00e7a os 10 motivos para expor na CAR WASH EXPO:<\/h3>\n<p>\n<\/div><\/div><\/div><\/div><\/div><\/section><section data-kc-fullwidth=\"content\" class=\"kc-elm kc-css-444173 kc_row\"><div class=\"kc-row-container\"><div class=\"kc-wrap-columns\"><div class=\"kc-elm kc-css-862959 kc_column kc_col-sm-12\"><div class=\"kc-col-container\"><div class=\"kc-elm kc-css-591977 kc_text_block\"><\/p>\n<ol>\n<li>Expor na mais nova feira exclusivamente voltada para o segmento de lava-r\u00e1pido e centros de est\u00e9tica automotiva;<\/li>\n<li>Feira com formato inovador e com \u00f3timo custo benef\u00edcio;<\/li>\n<li>Apresentar seus produtos e solu\u00e7\u00f5es para um p\u00fablico qualificado;<\/li>\n<li>Prospectar novos clientes;<\/li>\n<li>Realizar grandes neg\u00f3cios e se posicionar como uma empresa inovadora;<\/li>\n<li>Expor em um local com infraestrutura de ponta, facilidade de acesso e conforto para os visitantes;<\/li>\n<li>Reencontrar clientes e estreitar seu relacionamento com eles;<\/li>\n<li>Fortalecer e ampliar a divulga\u00e7\u00e3o de sua marca para o mercado;<\/li>\n<li>O seu concorrente estar\u00e1 l\u00e1, seja lembrado pelo mercado;<\/li>\n<li>Falar com outros setores que utilizam seus produtos\/servi\u00e7os.<\/li>\n<\/ol>\n<p>\n<\/div><\/div><\/div><\/div><\/div><\/section><section data-kc-fullwidth=\"content\" class=\"kc-elm kc-css-640564 kc_row\"><div class=\"kc-row-container\"><div class=\"kc-wrap-columns\"><div class=\"kc-elm kc-css-772403 kc_column kc_col-sm-12\"><div class=\"kc-col-container\"><div class=\"kc-elm kc-css-383565\" style=\"height: 40px; clear: both; width:100%;\"><\/div><\/div><\/div><\/div><\/div><\/section><section data-kc-fullwidth=\"content\" class=\"kc-elm kc-css-120303 kc_row\"><div class=\"kc-row-container\"><div class=\"kc-wrap-columns\"><div class=\"kc-elm kc-css-477569 kc_column kc_col-sm-12\"><div class=\"kc-col-container\"><div class=\"kc-elm kc-css-724782 kc_text_block\"><\/p>\n<p><strong><a href=\"http:\/\/feiralavtech.com.br\/quero-expor\/\">Quero ser um expositor<\/a><\/strong><\/p>\n<p>\n<\/div><\/div><\/div><\/div><\/div><\/section><section data-kc-fullwidth=\"content\" class=\"kc-elm kc-css-138015 kc_row\"><div class=\"kc-row-container\"><div class=\"kc-wrap-columns\"><div class=\"kc-elm kc-css-959924 kc_column kc_col-sm-12\"><div class=\"kc-col-container\"><div class=\"kc-elm kc-css-678482\" style=\"height: 40px; clear: both; width:100%;\"><\/div><\/div><\/div><\/div><\/div><\/section><section data-kc-fullwidth=\"content\" class=\"kc-elm kc-css-814616 kc_row\"><div class=\"kc-row-container\"><div class=\"kc-wrap-columns\"><div class=\"kc-elm kc-css-259507 kc_column kc_col-sm-12\"><div class=\"kc-col-container\"><div class=\"kc-elm kc-css-200208 kc_text_block\"><\/p>\n<h3>Entre em contato e solicite uma proposta<\/h3>\n<p>\n<\/div><\/div><\/div><\/div><\/div><\/section><section data-kc-fullwidth=\"content\" class=\"kc-elm kc-css-404563 kc_row\"><div class=\"kc-row-container\"><div class=\"kc-wrap-columns\"><div class=\"kc-elm kc-css-926912 kc_column kc_col-sm-12\"><div class=\"kc-col-container\"><div class=\"kc-elm kc-css-349372 kc_text_block\"><\/p>\n<p>NS Group<br \/>\n+55 11 4114-4391<br \/>\n+55 11 98966-4142<br \/>\n<a href=\"mailto:carwashexpo@newbrandsolution.com.br \">carwashexpo@newbrandsolution.com.br <\/a><\/p>\n<p>\n<\/div><\/div><\/div><\/div><\/div><\/section><section data-kc-fullwidth=\"content\" class=\"kc-elm kc-css-382790 kc_row\"><div class=\"kc-row-container\"><div class=\"kc-wrap-columns\"><div class=\"kc-elm kc-css-208543 kc_column kc_col-sm-12\"><div class=\"kc-col-container\"><div class=\"kc-elm kc-css-783209\" style=\"height: 40px; clear: both; width:100%;\"><\/div><\/div><\/div><\/div><\/div><\/section><section class=\"kc-elm kc-css-617805 kc_row\"><div class=\"kc-row-container  kc-container\"><div class=\"kc-wrap-columns\"><div class=\"kc-elm kc-css-386405 kc_col-sm-4 kc_column kc_col-sm-4\"><div class=\"kc-col-container\"><div class=\"kc-elm kc-css-741517 kc_text_block\"><\/p>\n<p><strong>Quero Patrocinar<\/strong><\/p>\n<p>\n<\/div><div class=\"kc-elm kc-css-347285\" style=\"height: 15px; clear: both; width:100%;\"><\/div>\n<div class=\"kc-elm kc-css-606410\">\n\t<a class=\"kc_button\" href=\"http:\/\/carwashexpo.com.br\/quero-patrocinar\/\" target=\"_self\" title=\"\" onclick=\"\">\n\t\tVeja Mais\t<\/a>\n<\/div>\n<\/div><\/div><div class=\"kc-elm kc-css-514714 kc_col-sm-4 kc_column kc_col-sm-4\"><div class=\"kc-col-container\"><div class=\"kc-elm kc-css-368130 kc_text_block\"><\/p>\n<p><strong>Quem Visita<\/strong><\/p>\n<p>\n<\/div><div class=\"kc-elm kc-css-745143\" style=\"height: 15px; clear: both; width:100%;\"><\/div>\n<div class=\"kc-elm kc-css-318511\">\n\t<a class=\"kc_button\" href=\"http:\/\/carwashexpo.com.br\/quem-visita\/\" target=\"_self\" title=\"\" onclick=\"\">\n\t\tVeja Mais\t<\/a>\n<\/div>\n<\/div><\/div><div class=\"kc-elm kc-css-368746 kc_col-sm-4 kc_column kc_col-sm-4\"><div class=\"kc-col-container\"><div class=\"kc-elm kc-css-881944 kc_text_block\"><\/p>\n<p><strong>Quem Exp\u00f5e<\/strong><\/p>\n<p>\n<\/div><div class=\"kc-elm kc-css-141771\" style=\"height: 15px; clear: both; width:100%;\"><\/div>\n<div class=\"kc-elm kc-css-144951\">\n\t<a class=\"kc_button\" href=\"http:\/\/carwashexpo.com.br\/quem-expoe\/\" target=\"_self\" title=\"\" onclick=\"\">\n\t\tVeja Mais\t<\/a>\n<\/div>\n<\/div><\/div><\/div><\/div><\/section><\/p>\n","protected":false},"excerpt":{"rendered":"","protected":false},"author":1,"featured_media":0,"parent":0,"menu_order":0,"comment_status":"closed","ping_status":"closed","template":"","meta":{"inline_featured_image":false,"site-sidebar-layout":"default","site-content-layout":"","ast-site-content-layout":"default","site-content-style":"default","site-sidebar-style":"default","ast-global-header-display":"","ast-banner-title-visibility":"","ast-main-header-display":"","ast-hfb-above-header-display":"","ast-hfb-below-header-display":"","ast-hfb-mobile-header-display":"","site-post-title":"","ast-breadcrumbs-content":"","ast-featured-img":"","footer-sml-layout":"","theme-transparent-header-meta":"","adv-header-id-meta":"","stick-header-meta":"","header-above-stick-meta":"","header-main-stick-meta":"","header-below-stick-meta":"","astra-migrate-meta-layouts":"default","ast-page-background-enabled":"default","ast-page-background-meta":{"desktop":{"background-color":"var(--ast-global-color-4)","background-image":"","background-repeat":"repeat","background-position":"center center","background-size":"auto","background-attachment":"scroll","background-type":"","background-media":"","overlay-type":"","overlay-color":"","overlay-opacity":"","overlay-gradient":""},"tablet":{"background-color":"","background-image":"","background-repeat":"repeat","background-position":"center center","background-size":"auto","background-attachment":"scroll","background-type":"","background-media":"","overlay-type":"","overlay-color":"","overlay-opacity":"","overlay-gradient":""},"mobile":{"background-color":"","background-image":"","background-repeat":"repeat","background-position":"center center","background-size":"auto","background-attachment":"scroll","background-type":"","background-media":"","overlay-type":"","overlay-color":"","overlay-opacity":"","overlay-gradient":""}},"ast-content-background-meta":{"desktop":{"background-color":"var(--ast-global-color-5)","background-image":"","background-repeat":"repeat","background-position":"center center","background-size":"auto","background-attachment":"scroll","background-type":"","background-media":"","overlay-type":"","overlay-color":"","overlay-opacity":"","overlay-gradient":""},"tablet":{"background-color":"var(--ast-global-color-5)","background-image":"","background-repeat":"repeat","background-position":"center center","background-size":"auto","background-attachment":"scroll","background-type":"","background-media":"","overlay-type":"","overlay-color":"","overlay-opacity":"","overlay-gradient":""},"mobile":{"background-color":"var(--ast-global-color-5)","background-image":"","background-repeat":"repeat","background-position":"center center","background-size":"auto","background-attachment":"scroll","background-type":"","background-media":"","overlay-type":"","overlay-color":"","overlay-opacity":"","overlay-gradient":""}},"footnotes":""},"class_list":["post-2219","page","type-page","status-publish","hentry"],"yoast_head":"<!-- This site is optimized with the Yoast SEO plugin v25.9 - https:\/\/yoast.com\/wordpress\/plugins\/seo\/ -->\n<title>Por que Expor - Car Wash Expo<\/title>\n<meta name=\"description\" content=\"A CAR WASH EXPO foi idealizada para suprir a necessidade de uma feira profissional espec\u00edfica para o setor de limpeza e est\u00e9tica automotiva. Em um \u00fanico local, pretendemos aproximar fornecedores especializados de um p\u00fablico tomador de decis\u00e3o em busca de solu\u00e7\u00f5es para agregar valor aos seus servi\u00e7os.\" \/>\n<meta name=\"robots\" content=\"index, follow, max-snippet:-1, max-image-preview:large, max-video-preview:-1\" \/>\n<link rel=\"canonical\" href=\"https:\/\/carwashexpo.com.br\/site-novo\/por-que-expor\/\" \/>\n<meta property=\"og:locale\" content=\"pt_BR\" \/>\n<meta property=\"og:type\" content=\"article\" \/>\n<meta property=\"og:title\" content=\"Por que Expor - Car Wash Expo\" \/>\n<meta property=\"og:description\" content=\"A CAR WASH EXPO foi idealizada para suprir a necessidade de uma feira profissional espec\u00edfica para o setor de limpeza e est\u00e9tica automotiva. Em um \u00fanico local, pretendemos aproximar fornecedores especializados de um p\u00fablico tomador de decis\u00e3o em busca de solu\u00e7\u00f5es para agregar valor aos seus servi\u00e7os.\" \/>\n<meta property=\"og:url\" content=\"https:\/\/carwashexpo.com.br\/site-novo\/por-que-expor\/\" \/>\n<meta property=\"og:site_name\" content=\"Car Wash Expo\" \/>\n<meta property=\"article:publisher\" content=\"https:\/\/www.facebook.com\/CAR-WASH-EXPO-100771745399485\" \/>\n<meta property=\"article:modified_time\" content=\"2023-08-29T12:58:18+00:00\" \/>\n<meta name=\"twitter:card\" content=\"summary_large_image\" \/>\n<meta name=\"twitter:label1\" content=\"Est. tempo de leitura\" \/>\n\t<meta name=\"twitter:data1\" content=\"1 minuto\" \/>\n<script type=\"application\/ld+json\" class=\"yoast-schema-graph\">{\"@context\":\"https:\/\/schema.org\",\"@graph\":[{\"@type\":\"WebPage\",\"@id\":\"https:\/\/carwashexpo.com.br\/site-novo\/por-que-expor\/\",\"url\":\"https:\/\/carwashexpo.com.br\/site-novo\/por-que-expor\/\",\"name\":\"Por que Expor - Car Wash Expo\",\"isPartOf\":{\"@id\":\"https:\/\/carwashexpo.com.br\/site-novo\/#website\"},\"datePublished\":\"2021-02-12T18:16:47+00:00\",\"dateModified\":\"2023-08-29T12:58:18+00:00\",\"description\":\"A CAR WASH EXPO foi idealizada para suprir a necessidade de uma feira profissional espec\u00edfica para o setor de limpeza e est\u00e9tica automotiva. Em um \u00fanico local, pretendemos aproximar fornecedores especializados de um p\u00fablico tomador de decis\u00e3o em busca de solu\u00e7\u00f5es para agregar valor aos seus servi\u00e7os.\",\"breadcrumb\":{\"@id\":\"https:\/\/carwashexpo.com.br\/site-novo\/por-que-expor\/#breadcrumb\"},\"inLanguage\":\"pt-BR\",\"potentialAction\":[{\"@type\":\"ReadAction\",\"target\":[\"https:\/\/carwashexpo.com.br\/site-novo\/por-que-expor\/\"]}]},{\"@type\":\"BreadcrumbList\",\"@id\":\"https:\/\/carwashexpo.com.br\/site-novo\/por-que-expor\/#breadcrumb\",\"itemListElement\":[{\"@type\":\"ListItem\",\"position\":1,\"name\":\"In\u00edcio\",\"item\":\"https:\/\/carwashexpo.com.br\/site-novo\/\"},{\"@type\":\"ListItem\",\"position\":2,\"name\":\"Por que Expor\"}]},{\"@type\":\"WebSite\",\"@id\":\"https:\/\/carwashexpo.com.br\/site-novo\/#website\",\"url\":\"https:\/\/carwashexpo.com.br\/site-novo\/\",\"name\":\"Car Wash Expo\",\"description\":\"\",\"publisher\":{\"@id\":\"https:\/\/carwashexpo.com.br\/site-novo\/#organization\"},\"potentialAction\":[{\"@type\":\"SearchAction\",\"target\":{\"@type\":\"EntryPoint\",\"urlTemplate\":\"https:\/\/carwashexpo.com.br\/site-novo\/?s={search_term_string}\"},\"query-input\":{\"@type\":\"PropertyValueSpecification\",\"valueRequired\":true,\"valueName\":\"search_term_string\"}}],\"inLanguage\":\"pt-BR\"},{\"@type\":\"Organization\",\"@id\":\"https:\/\/carwashexpo.com.br\/site-novo\/#organization\",\"name\":\"Car Wash Expo\",\"url\":\"https:\/\/carwashexpo.com.br\/site-novo\/\",\"logo\":{\"@type\":\"ImageObject\",\"inLanguage\":\"pt-BR\",\"@id\":\"https:\/\/carwashexpo.com.br\/site-novo\/#\/schema\/logo\/image\/\",\"url\":\"https:\/\/carwashexpo.com.br\/site-novo\/wp-content\/uploads\/2021\/02\/logo-car-wash-expo.svg\",\"contentUrl\":\"https:\/\/carwashexpo.com.br\/site-novo\/wp-content\/uploads\/2021\/02\/logo-car-wash-expo.svg\",\"width\":128,\"height\":44,\"caption\":\"Car Wash Expo\"},\"image\":{\"@id\":\"https:\/\/carwashexpo.com.br\/site-novo\/#\/schema\/logo\/image\/\"},\"sameAs\":[\"https:\/\/www.facebook.com\/CAR-WASH-EXPO-100771745399485\",\"https:\/\/www.instagram.com\/carwashexpo\/\"]}]}<\/script>\n<!-- \/ Yoast SEO plugin. -->","yoast_head_json":{"title":"Por que Expor - Car Wash Expo","description":"A CAR WASH EXPO foi idealizada para suprir a necessidade de uma feira profissional espec\u00edfica para o setor de limpeza e est\u00e9tica automotiva. Em um \u00fanico local, pretendemos aproximar fornecedores especializados de um p\u00fablico tomador de decis\u00e3o em busca de solu\u00e7\u00f5es para agregar valor aos seus servi\u00e7os.","robots":{"index":"index","follow":"follow","max-snippet":"max-snippet:-1","max-image-preview":"max-image-preview:large","max-video-preview":"max-video-preview:-1"},"canonical":"https:\/\/carwashexpo.com.br\/site-novo\/por-que-expor\/","og_locale":"pt_BR","og_type":"article","og_title":"Por que Expor - Car Wash Expo","og_description":"A CAR WASH EXPO foi idealizada para suprir a necessidade de uma feira profissional espec\u00edfica para o setor de limpeza e est\u00e9tica automotiva. Em um \u00fanico local, pretendemos aproximar fornecedores especializados de um p\u00fablico tomador de decis\u00e3o em busca de solu\u00e7\u00f5es para agregar valor aos seus servi\u00e7os.","og_url":"https:\/\/carwashexpo.com.br\/site-novo\/por-que-expor\/","og_site_name":"Car Wash Expo","article_publisher":"https:\/\/www.facebook.com\/CAR-WASH-EXPO-100771745399485","article_modified_time":"2023-08-29T12:58:18+00:00","twitter_card":"summary_large_image","twitter_misc":{"Est. tempo de leitura":"1 minuto"},"schema":{"@context":"https:\/\/schema.org","@graph":[{"@type":"WebPage","@id":"https:\/\/carwashexpo.com.br\/site-novo\/por-que-expor\/","url":"https:\/\/carwashexpo.com.br\/site-novo\/por-que-expor\/","name":"Por que Expor - Car Wash Expo","isPartOf":{"@id":"https:\/\/carwashexpo.com.br\/site-novo\/#website"},"datePublished":"2021-02-12T18:16:47+00:00","dateModified":"2023-08-29T12:58:18+00:00","description":"A CAR WASH EXPO foi idealizada para suprir a necessidade de uma feira profissional espec\u00edfica para o setor de limpeza e est\u00e9tica automotiva. Em um \u00fanico local, pretendemos aproximar fornecedores especializados de um p\u00fablico tomador de decis\u00e3o em busca de solu\u00e7\u00f5es para agregar valor aos seus servi\u00e7os.","breadcrumb":{"@id":"https:\/\/carwashexpo.com.br\/site-novo\/por-que-expor\/#breadcrumb"},"inLanguage":"pt-BR","potentialAction":[{"@type":"ReadAction","target":["https:\/\/carwashexpo.com.br\/site-novo\/por-que-expor\/"]}]},{"@type":"BreadcrumbList","@id":"https:\/\/carwashexpo.com.br\/site-novo\/por-que-expor\/#breadcrumb","itemListElement":[{"@type":"ListItem","position":1,"name":"In\u00edcio","item":"https:\/\/carwashexpo.com.br\/site-novo\/"},{"@type":"ListItem","position":2,"name":"Por que Expor"}]},{"@type":"WebSite","@id":"https:\/\/carwashexpo.com.br\/site-novo\/#website","url":"https:\/\/carwashexpo.com.br\/site-novo\/","name":"Car Wash Expo","description":"","publisher":{"@id":"https:\/\/carwashexpo.com.br\/site-novo\/#organization"},"potentialAction":[{"@type":"SearchAction","target":{"@type":"EntryPoint","urlTemplate":"https:\/\/carwashexpo.com.br\/site-novo\/?s={search_term_string}"},"query-input":{"@type":"PropertyValueSpecification","valueRequired":true,"valueName":"search_term_string"}}],"inLanguage":"pt-BR"},{"@type":"Organization","@id":"https:\/\/carwashexpo.com.br\/site-novo\/#organization","name":"Car Wash Expo","url":"https:\/\/carwashexpo.com.br\/site-novo\/","logo":{"@type":"ImageObject","inLanguage":"pt-BR","@id":"https:\/\/carwashexpo.com.br\/site-novo\/#\/schema\/logo\/image\/","url":"https:\/\/carwashexpo.com.br\/site-novo\/wp-content\/uploads\/2021\/02\/logo-car-wash-expo.svg","contentUrl":"https:\/\/carwashexpo.com.br\/site-novo\/wp-content\/uploads\/2021\/02\/logo-car-wash-expo.svg","width":128,"height":44,"caption":"Car Wash Expo"},"image":{"@id":"https:\/\/carwashexpo.com.br\/site-novo\/#\/schema\/logo\/image\/"},"sameAs":["https:\/\/www.facebook.com\/CAR-WASH-EXPO-100771745399485","https:\/\/www.instagram.com\/carwashexpo\/"]}]}},"_links":{"self":[{"href":"https:\/\/carwashexpo.com.br\/site-novo\/wp-json\/wp\/v2\/pages\/2219","targetHints":{"allow":["GET"]}}],"collection":[{"href":"https:\/\/carwashexpo.com.br\/site-novo\/wp-json\/wp\/v2\/pages"}],"about":[{"href":"https:\/\/carwashexpo.com.br\/site-novo\/wp-json\/wp\/v2\/types\/page"}],"author":[{"embeddable":true,"href":"https:\/\/carwashexpo.com.br\/site-novo\/wp-json\/wp\/v2\/users\/1"}],"replies":[{"embeddable":true,"href":"https:\/\/carwashexpo.com.br\/site-novo\/wp-json\/wp\/v2\/comments?post=2219"}],"version-history":[{"count":13,"href":"https:\/\/carwashexpo.com.br\/site-novo\/wp-json\/wp\/v2\/pages\/2219\/revisions"}],"predecessor-version":[{"id":3452,"href":"https:\/\/carwashexpo.com.br\/site-novo\/wp-json\/wp\/v2\/pages\/2219\/revisions\/3452"}],"wp:attachment":[{"href":"https:\/\/carwashexpo.com.br\/site-novo\/wp-json\/wp\/v2\/media?parent=2219"}],"curies":[{"name":"wp","href":"https:\/\/api.w.org\/{rel}","templated":true}]}}