{"id":2194,"date":"2021-02-12T14:40:22","date_gmt":"2021-02-12T17:40:22","guid":{"rendered":"http:\/\/carwashexpo.com.br\/sitenovo\/?page_id=2194"},"modified":"2022-05-09T17:38:11","modified_gmt":"2022-05-09T20:38:11","slug":"quem-expoe","status":"publish","type":"page","link":"https:\/\/carwashexpo.com.br\/site-novo\/quem-expoe\/","title":{"rendered":"Quem Exp\u00f5e"},"content":{"rendered":"<p><section data-kc-fullwidth=\"content\" class=\"kc-elm kc-css-469309 kc_row\"><div class=\"kc-row-container\"><div class=\"kc-wrap-columns\"><div class=\"kc-elm kc-css-738405 kc_column kc_col-sm-12\"><div class=\"kc-col-container\"><div class=\"kc-elm kc-css-255272 kc_text_block\"><\/p>\n<h3>O p\u00fablico da CAR WASH EXPO procura expositores:<\/h3>\n<p>\n<\/div><\/div><\/div><\/div><\/div><\/section><section data-kc-fullwidth=\"content\" class=\"kc-elm kc-css-641396 kc_row\"><div class=\"kc-row-container\"><div class=\"kc-wrap-columns\"><div class=\"kc-elm kc-css-226780 kc_col-sm-12 kc_column kc_col-sm-12\"><div class=\"kc-col-container\"><div class=\"kc-elm kc-css-537659 kc_row kc_row_inner\"><div class=\"kc-elm kc-css-602575 kc_col-sm-12 kc_column_inner kc_col-sm-12\"><div class=\"kc_wrapper kc-col-inner-container\"><div class=\"kc-elm kc-css-499595\" style=\"height: 40px; clear: both; width:100%;\"><\/div><\/div><\/div><\/div><\/div><\/div><\/div><\/div><\/section><section data-kc-fullwidth=\"content\" class=\"kc-elm kc-css-42948 kc_row\"><div class=\"kc-row-container\"><div class=\"kc-wrap-columns\"><div class=\"kc-elm kc-css-606777 kc_column kc_col-sm-12\"><div class=\"kc-col-container\"><div class=\"kc-elm kc-css-68945 kc_text_block\"><\/p>\n<p>\u2013 Aspirador de p\u00f3;<br \/>\n\u2013 Decora\u00e7\u00e3o;<br \/>\n\u2013 Dedetiza\u00e7\u00e3o e controle de pragas urbanas;<br \/>\n\u2013 Energia solar;<br \/>\n\u2013 Equipamentos de prote\u00e7\u00e3o individual;<br \/>\n\u2013 Equipamentos de inform\u00e1tica;<br \/>\n\u2013 Equipamentos de seguran\u00e7a e CFTV;<br \/>\n\u2013 Extintores de inc\u00eandio;<br \/>\n\u2013 Ferramentas;<br \/>\n\u2013 Gerador;<br \/>\n\u2013 Gest\u00e3o de res\u00edduos;<br \/>\n\u2013 Institui\u00e7\u00f5es financeiras;<br \/>\n\u2013 Insumos qu\u00edmicos;<br \/>\n\u2013 Lavadora de m\u00e9dia e alta press\u00e3o;<br \/>\n\u2013 Limpeza de caixa d\u2019\u00e1gua;<br \/>\n\u2013 Manuten\u00e7\u00e3o e servi\u00e7os gerais;<br \/>\n\u2013 Mobili\u00e1rio de escrit\u00f3rio;<br \/>\n\u2013 Produtos para higiene e limpeza;<br \/>\n\u2013 Prote\u00e7\u00e3o contra inc\u00eandios;<br \/>\n\u2013 Seguro;<br \/>\n\u2013 Servi\u00e7os de Arquitetura;<br \/>\n\u2013 Servi\u00e7os de Contabilidade;<br \/>\n\u2013 Sistemas de armazenamento e reuso de \u00e1gua;<br \/>\n\u2013 Softwares;<br \/>\n\u2013 Uniformes.<\/p>\n<p>\n<\/div><\/div><\/div><\/div><\/div><\/section><section data-kc-fullwidth=\"content\" class=\"kc-elm kc-css-214309 kc_row\"><div class=\"kc-row-container\"><div class=\"kc-wrap-columns\"><div class=\"kc-elm kc-css-993158 kc_col-sm-12 kc_column kc_col-sm-12\"><div class=\"kc-col-container\"><div class=\"kc-elm kc-css-138157 kc_row kc_row_inner\"><div class=\"kc-elm kc-css-116801 kc_col-sm-12 kc_column_inner kc_col-sm-12\"><div class=\"kc_wrapper kc-col-inner-container\"><div class=\"kc-elm kc-css-737472\" style=\"height: 40px; clear: both; width:100%;\"><\/div><\/div><\/div><\/div><\/div><\/div><\/div><\/div><\/section><section class=\"kc-elm kc-css-681060 kc_row\"><div class=\"kc-row-container  kc-container\"><div class=\"kc-wrap-columns\"><div class=\"kc-elm kc-css-863117 kc_col-sm-4 kc_column kc_col-sm-4\"><div class=\"kc-col-container\"><div class=\"kc-elm kc-css-297061 kc_text_block\"><\/p>\n<p><strong>Quem Visita<\/strong><\/p>\n<p>\n<\/div><div class=\"kc-elm kc-css-640139\" style=\"height: 15px; clear: both; width:100%;\"><\/div>\n<div class=\"kc-elm kc-css-558352\">\n\t<a class=\"kc_button\" href=\"http:\/\/carwashexpo.com.br\/quem-visita\/\" target=\"_self\" title=\"\" onclick=\"\">\n\t\tVeja mais\t<\/a>\n<\/div>\n<\/div><\/div><div class=\"kc-elm kc-css-272409 kc_col-sm-4 kc_column kc_col-sm-4\"><div class=\"kc-col-container\"><div class=\"kc-elm kc-css-523416 kc_text_block\"><\/p>\n<p><strong>Informa\u00e7\u00f5es Gerais<\/strong><\/p>\n<p>\n<\/div><div class=\"kc-elm kc-css-837912\" style=\"height: 15px; clear: both; width:100%;\"><\/div>\n<div class=\"kc-elm kc-css-124035\">\n\t<a class=\"kc_button\" href=\"http:\/\/carwashexpo.com.br\/informacoes-gerais\/\" target=\"_self\" title=\"\" onclick=\"\">\n\t\tVeja mais\t<\/a>\n<\/div>\n<\/div><\/div><div class=\"kc-elm kc-css-45813 kc_col-sm-4 kc_column kc_col-sm-4\"><div class=\"kc-col-container\"><div class=\"kc-elm kc-css-3953 kc_text_block\"><\/p>\n<p><strong>Local e Data<\/strong><\/p>\n<p>\n<\/div><div class=\"kc-elm kc-css-282429\" style=\"height: 15px; clear: both; width:100%;\"><\/div>\n<div class=\"kc-elm kc-css-978554\">\n\t<a class=\"kc_button\" href=\"http:\/\/carwashexpo.com.br\/local-e-data\/\" target=\"_self\" title=\"\" onclick=\"\">\n\t\tVeja mais\t<\/a>\n<\/div>\n<\/div><\/div><\/div><\/div><\/section><section class=\"kc-elm kc-css-898886 kc_row\"><div class=\"kc-row-container  kc-container\"><div class=\"kc-wrap-columns\"><div class=\"kc-elm kc-css-538293 kc_col-sm-12 kc_column kc_col-sm-12\"><div class=\"kc-col-container\"><div class=\"kc-elm kc-css-975408\" style=\"height: 40px; clear: both; width:100%;\"><\/div><\/div><\/div><\/div><\/div><\/section><\/p>\n","protected":false},"excerpt":{"rendered":"","protected":false},"author":1,"featured_media":0,"parent":0,"menu_order":0,"comment_status":"closed","ping_status":"closed","template":"","meta":{"inline_featured_image":false,"site-sidebar-layout":"default","site-content-layout":"","ast-site-content-layout":"default","site-content-style":"default","site-sidebar-style":"default","ast-global-header-display":"","ast-banner-title-visibility":"","ast-main-header-display":"","ast-hfb-above-header-display":"","ast-hfb-below-header-display":"","ast-hfb-mobile-header-display":"","site-post-title":"","ast-breadcrumbs-content":"","ast-featured-img":"","footer-sml-layout":"","theme-transparent-header-meta":"","adv-header-id-meta":"","stick-header-meta":"","header-above-stick-meta":"","header-main-stick-meta":"","header-below-stick-meta":"","astra-migrate-meta-layouts":"default","ast-page-background-enabled":"default","ast-page-background-meta":{"desktop":{"background-color":"var(--ast-global-color-4)","background-image":"","background-repeat":"repeat","background-position":"center center","background-size":"auto","background-attachment":"scroll","background-type":"","background-media":"","overlay-type":"","overlay-color":"","overlay-opacity":"","overlay-gradient":""},"tablet":{"background-color":"","background-image":"","background-repeat":"repeat","background-position":"center center","background-size":"auto","background-attachment":"scroll","background-type":"","background-media":"","overlay-type":"","overlay-color":"","overlay-opacity":"","overlay-gradient":""},"mobile":{"background-color":"","background-image":"","background-repeat":"repeat","background-position":"center center","background-size":"auto","background-attachment":"scroll","background-type":"","background-media":"","overlay-type":"","overlay-color":"","overlay-opacity":"","overlay-gradient":""}},"ast-content-background-meta":{"desktop":{"background-color":"var(--ast-global-color-5)","background-image":"","background-repeat":"repeat","background-position":"center center","background-size":"auto","background-attachment":"scroll","background-type":"","background-media":"","overlay-type":"","overlay-color":"","overlay-opacity":"","overlay-gradient":""},"tablet":{"background-color":"var(--ast-global-color-5)","background-image":"","background-repeat":"repeat","background-position":"center center","background-size":"auto","background-attachment":"scroll","background-type":"","background-media":"","overlay-type":"","overlay-color":"","overlay-opacity":"","overlay-gradient":""},"mobile":{"background-color":"var(--ast-global-color-5)","background-image":"","background-repeat":"repeat","background-position":"center center","background-size":"auto","background-attachment":"scroll","background-type":"","background-media":"","overlay-type":"","overlay-color":"","overlay-opacity":"","overlay-gradient":""}},"footnotes":""},"class_list":["post-2194","page","type-page","status-publish","hentry"],"yoast_head":"<!-- This site is optimized with the Yoast SEO plugin v25.9 - https:\/\/yoast.com\/wordpress\/plugins\/seo\/ -->\n<title>Quem Exp\u00f5e - Car Wash Expo<\/title>\n<meta name=\"description\" content=\"A CAR WASH EXPO foi idealizada para suprir a necessidade de uma feira profissional espec\u00edfica para o setor de limpeza e est\u00e9tica automotiva. Em um \u00fanico local, pretendemos aproximar fornecedores especializados de um p\u00fablico tomador de decis\u00e3o em busca de solu\u00e7\u00f5es para agregar valor aos seus servi\u00e7os.\" \/>\n<meta name=\"robots\" content=\"index, follow, max-snippet:-1, max-image-preview:large, max-video-preview:-1\" \/>\n<link rel=\"canonical\" href=\"https:\/\/carwashexpo.com.br\/site-novo\/quem-expoe\/\" \/>\n<meta property=\"og:locale\" content=\"pt_BR\" \/>\n<meta property=\"og:type\" content=\"article\" \/>\n<meta property=\"og:title\" content=\"Quem Exp\u00f5e - Car Wash Expo\" \/>\n<meta property=\"og:description\" content=\"A CAR WASH EXPO foi idealizada para suprir a necessidade de uma feira profissional espec\u00edfica para o setor de limpeza e est\u00e9tica automotiva. Em um \u00fanico local, pretendemos aproximar fornecedores especializados de um p\u00fablico tomador de decis\u00e3o em busca de solu\u00e7\u00f5es para agregar valor aos seus servi\u00e7os.\" \/>\n<meta property=\"og:url\" content=\"https:\/\/carwashexpo.com.br\/site-novo\/quem-expoe\/\" \/>\n<meta property=\"og:site_name\" content=\"Car Wash Expo\" \/>\n<meta property=\"article:publisher\" content=\"https:\/\/www.facebook.com\/CAR-WASH-EXPO-100771745399485\" \/>\n<meta property=\"article:modified_time\" content=\"2022-05-09T20:38:11+00:00\" \/>\n<meta name=\"twitter:card\" content=\"summary_large_image\" \/>\n<meta name=\"twitter:label1\" content=\"Est. tempo de leitura\" \/>\n\t<meta name=\"twitter:data1\" content=\"1 minuto\" \/>\n<script type=\"application\/ld+json\" class=\"yoast-schema-graph\">{\"@context\":\"https:\/\/schema.org\",\"@graph\":[{\"@type\":\"WebPage\",\"@id\":\"https:\/\/carwashexpo.com.br\/site-novo\/quem-expoe\/\",\"url\":\"https:\/\/carwashexpo.com.br\/site-novo\/quem-expoe\/\",\"name\":\"Quem Exp\u00f5e - Car Wash Expo\",\"isPartOf\":{\"@id\":\"https:\/\/carwashexpo.com.br\/site-novo\/#website\"},\"datePublished\":\"2021-02-12T17:40:22+00:00\",\"dateModified\":\"2022-05-09T20:38:11+00:00\",\"description\":\"A CAR WASH EXPO foi idealizada para suprir a necessidade de uma feira profissional espec\u00edfica para o setor de limpeza e est\u00e9tica automotiva. Em um \u00fanico local, pretendemos aproximar fornecedores especializados de um p\u00fablico tomador de decis\u00e3o em busca de solu\u00e7\u00f5es para agregar valor aos seus servi\u00e7os.\",\"breadcrumb\":{\"@id\":\"https:\/\/carwashexpo.com.br\/site-novo\/quem-expoe\/#breadcrumb\"},\"inLanguage\":\"pt-BR\",\"potentialAction\":[{\"@type\":\"ReadAction\",\"target\":[\"https:\/\/carwashexpo.com.br\/site-novo\/quem-expoe\/\"]}]},{\"@type\":\"BreadcrumbList\",\"@id\":\"https:\/\/carwashexpo.com.br\/site-novo\/quem-expoe\/#breadcrumb\",\"itemListElement\":[{\"@type\":\"ListItem\",\"position\":1,\"name\":\"In\u00edcio\",\"item\":\"https:\/\/carwashexpo.com.br\/site-novo\/\"},{\"@type\":\"ListItem\",\"position\":2,\"name\":\"Quem Exp\u00f5e\"}]},{\"@type\":\"WebSite\",\"@id\":\"https:\/\/carwashexpo.com.br\/site-novo\/#website\",\"url\":\"https:\/\/carwashexpo.com.br\/site-novo\/\",\"name\":\"Car Wash Expo\",\"description\":\"\",\"publisher\":{\"@id\":\"https:\/\/carwashexpo.com.br\/site-novo\/#organization\"},\"potentialAction\":[{\"@type\":\"SearchAction\",\"target\":{\"@type\":\"EntryPoint\",\"urlTemplate\":\"https:\/\/carwashexpo.com.br\/site-novo\/?s={search_term_string}\"},\"query-input\":{\"@type\":\"PropertyValueSpecification\",\"valueRequired\":true,\"valueName\":\"search_term_string\"}}],\"inLanguage\":\"pt-BR\"},{\"@type\":\"Organization\",\"@id\":\"https:\/\/carwashexpo.com.br\/site-novo\/#organization\",\"name\":\"Car Wash Expo\",\"url\":\"https:\/\/carwashexpo.com.br\/site-novo\/\",\"logo\":{\"@type\":\"ImageObject\",\"inLanguage\":\"pt-BR\",\"@id\":\"https:\/\/carwashexpo.com.br\/site-novo\/#\/schema\/logo\/image\/\",\"url\":\"https:\/\/carwashexpo.com.br\/site-novo\/wp-content\/uploads\/2021\/02\/logo-car-wash-expo.svg\",\"contentUrl\":\"https:\/\/carwashexpo.com.br\/site-novo\/wp-content\/uploads\/2021\/02\/logo-car-wash-expo.svg\",\"width\":128,\"height\":44,\"caption\":\"Car Wash Expo\"},\"image\":{\"@id\":\"https:\/\/carwashexpo.com.br\/site-novo\/#\/schema\/logo\/image\/\"},\"sameAs\":[\"https:\/\/www.facebook.com\/CAR-WASH-EXPO-100771745399485\",\"https:\/\/www.instagram.com\/carwashexpo\/\"]}]}<\/script>\n<!-- \/ Yoast SEO plugin. -->","yoast_head_json":{"title":"Quem Exp\u00f5e - Car Wash Expo","description":"A CAR WASH EXPO foi idealizada para suprir a necessidade de uma feira profissional espec\u00edfica para o setor de limpeza e est\u00e9tica automotiva. Em um \u00fanico local, pretendemos aproximar fornecedores especializados de um p\u00fablico tomador de decis\u00e3o em busca de solu\u00e7\u00f5es para agregar valor aos seus servi\u00e7os.","robots":{"index":"index","follow":"follow","max-snippet":"max-snippet:-1","max-image-preview":"max-image-preview:large","max-video-preview":"max-video-preview:-1"},"canonical":"https:\/\/carwashexpo.com.br\/site-novo\/quem-expoe\/","og_locale":"pt_BR","og_type":"article","og_title":"Quem Exp\u00f5e - Car Wash Expo","og_description":"A CAR WASH EXPO foi idealizada para suprir a necessidade de uma feira profissional espec\u00edfica para o setor de limpeza e est\u00e9tica automotiva. Em um \u00fanico local, pretendemos aproximar fornecedores especializados de um p\u00fablico tomador de decis\u00e3o em busca de solu\u00e7\u00f5es para agregar valor aos seus servi\u00e7os.","og_url":"https:\/\/carwashexpo.com.br\/site-novo\/quem-expoe\/","og_site_name":"Car Wash Expo","article_publisher":"https:\/\/www.facebook.com\/CAR-WASH-EXPO-100771745399485","article_modified_time":"2022-05-09T20:38:11+00:00","twitter_card":"summary_large_image","twitter_misc":{"Est. tempo de leitura":"1 minuto"},"schema":{"@context":"https:\/\/schema.org","@graph":[{"@type":"WebPage","@id":"https:\/\/carwashexpo.com.br\/site-novo\/quem-expoe\/","url":"https:\/\/carwashexpo.com.br\/site-novo\/quem-expoe\/","name":"Quem Exp\u00f5e - Car Wash Expo","isPartOf":{"@id":"https:\/\/carwashexpo.com.br\/site-novo\/#website"},"datePublished":"2021-02-12T17:40:22+00:00","dateModified":"2022-05-09T20:38:11+00:00","description":"A CAR WASH EXPO foi idealizada para suprir a necessidade de uma feira profissional espec\u00edfica para o setor de limpeza e est\u00e9tica automotiva. Em um \u00fanico local, pretendemos aproximar fornecedores especializados de um p\u00fablico tomador de decis\u00e3o em busca de solu\u00e7\u00f5es para agregar valor aos seus servi\u00e7os.","breadcrumb":{"@id":"https:\/\/carwashexpo.com.br\/site-novo\/quem-expoe\/#breadcrumb"},"inLanguage":"pt-BR","potentialAction":[{"@type":"ReadAction","target":["https:\/\/carwashexpo.com.br\/site-novo\/quem-expoe\/"]}]},{"@type":"BreadcrumbList","@id":"https:\/\/carwashexpo.com.br\/site-novo\/quem-expoe\/#breadcrumb","itemListElement":[{"@type":"ListItem","position":1,"name":"In\u00edcio","item":"https:\/\/carwashexpo.com.br\/site-novo\/"},{"@type":"ListItem","position":2,"name":"Quem Exp\u00f5e"}]},{"@type":"WebSite","@id":"https:\/\/carwashexpo.com.br\/site-novo\/#website","url":"https:\/\/carwashexpo.com.br\/site-novo\/","name":"Car Wash Expo","description":"","publisher":{"@id":"https:\/\/carwashexpo.com.br\/site-novo\/#organization"},"potentialAction":[{"@type":"SearchAction","target":{"@type":"EntryPoint","urlTemplate":"https:\/\/carwashexpo.com.br\/site-novo\/?s={search_term_string}"},"query-input":{"@type":"PropertyValueSpecification","valueRequired":true,"valueName":"search_term_string"}}],"inLanguage":"pt-BR"},{"@type":"Organization","@id":"https:\/\/carwashexpo.com.br\/site-novo\/#organization","name":"Car Wash Expo","url":"https:\/\/carwashexpo.com.br\/site-novo\/","logo":{"@type":"ImageObject","inLanguage":"pt-BR","@id":"https:\/\/carwashexpo.com.br\/site-novo\/#\/schema\/logo\/image\/","url":"https:\/\/carwashexpo.com.br\/site-novo\/wp-content\/uploads\/2021\/02\/logo-car-wash-expo.svg","contentUrl":"https:\/\/carwashexpo.com.br\/site-novo\/wp-content\/uploads\/2021\/02\/logo-car-wash-expo.svg","width":128,"height":44,"caption":"Car Wash Expo"},"image":{"@id":"https:\/\/carwashexpo.com.br\/site-novo\/#\/schema\/logo\/image\/"},"sameAs":["https:\/\/www.facebook.com\/CAR-WASH-EXPO-100771745399485","https:\/\/www.instagram.com\/carwashexpo\/"]}]}},"_links":{"self":[{"href":"https:\/\/carwashexpo.com.br\/site-novo\/wp-json\/wp\/v2\/pages\/2194","targetHints":{"allow":["GET"]}}],"collection":[{"href":"https:\/\/carwashexpo.com.br\/site-novo\/wp-json\/wp\/v2\/pages"}],"about":[{"href":"https:\/\/carwashexpo.com.br\/site-novo\/wp-json\/wp\/v2\/types\/page"}],"author":[{"embeddable":true,"href":"https:\/\/carwashexpo.com.br\/site-novo\/wp-json\/wp\/v2\/users\/1"}],"replies":[{"embeddable":true,"href":"https:\/\/carwashexpo.com.br\/site-novo\/wp-json\/wp\/v2\/comments?post=2194"}],"version-history":[{"count":15,"href":"https:\/\/carwashexpo.com.br\/site-novo\/wp-json\/wp\/v2\/pages\/2194\/revisions"}],"predecessor-version":[{"id":2969,"href":"https:\/\/carwashexpo.com.br\/site-novo\/wp-json\/wp\/v2\/pages\/2194\/revisions\/2969"}],"wp:attachment":[{"href":"https:\/\/carwashexpo.com.br\/site-novo\/wp-json\/wp\/v2\/media?parent=2194"}],"curies":[{"name":"wp","href":"https:\/\/api.w.org\/{rel}","templated":true}]}}