{"id":2186,"date":"2021-02-12T14:24:52","date_gmt":"2021-02-12T17:24:52","guid":{"rendered":"http:\/\/carwashexpo.com.br\/sitenovo\/?page_id=2186"},"modified":"2022-05-09T11:53:53","modified_gmt":"2022-05-09T14:53:53","slug":"quem-visita","status":"publish","type":"page","link":"https:\/\/carwashexpo.com.br\/site-novo\/quem-visita\/","title":{"rendered":"Quem Visita"},"content":{"rendered":"<p><section data-kc-fullwidth=\"content\" class=\"kc-elm kc-css-659700 kc_row\"><div class=\"kc-row-container\"><div class=\"kc-wrap-columns\"><div class=\"kc-elm kc-css-548701 kc_column kc_col-sm-12\"><div class=\"kc-col-container\"><div class=\"kc-elm kc-css-497350 kc_text_block\"><\/p>\n<h3>O p\u00fablico esperado da CAR WASH EXPO \u00e9 composto por:<\/h3>\n<p>\n<\/div><\/div><\/div><\/div><\/div><\/section><section data-kc-fullwidth=\"content\" class=\"kc-elm kc-css-334167 kc_row\"><div class=\"kc-row-container\"><div class=\"kc-wrap-columns\"><div class=\"kc-elm kc-css-429487 kc_col-sm-12 kc_column kc_col-sm-12\"><div class=\"kc-col-container\"><div class=\"kc-elm kc-css-388755 kc_row kc_row_inner\"><div class=\"kc-elm kc-css-636865 kc_col-sm-12 kc_column_inner kc_col-sm-12\"><div class=\"kc_wrapper kc-col-inner-container\"><div class=\"kc-elm kc-css-716651\" style=\"height: 40px; clear: both; width:100%;\"><\/div><\/div><\/div><\/div><\/div><\/div><\/div><\/div><\/section><section data-kc-fullwidth=\"content\" class=\"kc-elm kc-css-231171 kc_row\"><div class=\"kc-row-container\"><div class=\"kc-wrap-columns\"><div class=\"kc-elm kc-css-187780 kc_column kc_col-sm-12\"><div class=\"kc-col-container\"><div class=\"kc-elm kc-css-400452 kc_text_block\"><\/p>\n<p>\u2013 Propriet\u00e1rios, gestores e funcion\u00e1rios de:<\/p>\n<ul>\n<li>Lava r\u00e1pido;<\/li>\n<li>Centros de est\u00e9tica automotiva;<\/li>\n<\/ul>\n<p>\u2013 Propriet\u00e1rios e gestores de:<\/p>\n<ul>\n<li>Oficinas mec\u00e2nicas;<\/li>\n<li>Oficinas de pequenos reparos;<\/li>\n<li>Postos de combust\u00edveis;<\/li>\n<li>Centros automotivos;<\/li>\n<li>Centros comerciais;<\/li>\n<\/ul>\n<p>\u2013 Seguradoras;<br \/>\n\u2013 Empreendedores;<br \/>\n\u2013 Franqueadoras;<br \/>\n\u2013 Investidores em geral.<\/p>\n<p>\n<\/div><\/div><\/div><\/div><\/div><\/section><section data-kc-fullwidth=\"content\" class=\"kc-elm kc-css-92596 kc_row\"><div class=\"kc-row-container\"><div class=\"kc-wrap-columns\"><div class=\"kc-elm kc-css-62137 kc_col-sm-12 kc_column kc_col-sm-12\"><div class=\"kc-col-container\"><div class=\"kc-elm kc-css-278410 kc_row kc_row_inner\"><div class=\"kc-elm kc-css-252313 kc_col-sm-12 kc_column_inner kc_col-sm-12\"><div class=\"kc_wrapper kc-col-inner-container\"><div class=\"kc-elm kc-css-574437\" style=\"height: 40px; clear: both; width:100%;\"><\/div><\/div><\/div><\/div><\/div><\/div><\/div><\/div><\/section><section class=\"kc-elm kc-css-567119 kc_row\"><div class=\"kc-row-container  kc-container\"><div class=\"kc-wrap-columns\"><div class=\"kc-elm kc-css-312267 kc_col-sm-4 kc_column kc_col-sm-4\"><div class=\"kc-col-container\"><div class=\"kc-elm kc-css-671733 kc_text_block\"><\/p>\n<p><strong>Quem Exp\u00f5e<\/strong><\/p>\n<p>\n<\/div><div class=\"kc-elm kc-css-75387\" style=\"height: 15px; clear: both; width:100%;\"><\/div>\n<div class=\"kc-elm kc-css-441962\">\n\t<a class=\"kc_button\" href=\"http:\/\/carwashexpo.com.br\/quem-expoe\/\" target=\"_self\" title=\"\" onclick=\"\">\n\t\tVeja mais\t<\/a>\n<\/div>\n<\/div><\/div><div class=\"kc-elm kc-css-510484 kc_col-sm-4 kc_column kc_col-sm-4\"><div class=\"kc-col-container\"><div class=\"kc-elm kc-css-655227 kc_text_block\"><\/p>\n<p><strong>Informa\u00e7\u00f5es Gerais<\/strong><\/p>\n<p>\n<\/div><div class=\"kc-elm kc-css-543745\" style=\"height: 15px; clear: both; width:100%;\"><\/div>\n<div class=\"kc-elm kc-css-611802\">\n\t<a class=\"kc_button\" href=\"http:\/\/carwashexpo.com.br\/informacoes-gerais\/\" target=\"_self\" title=\"\" onclick=\"\">\n\t\tVeja mais\t<\/a>\n<\/div>\n<\/div><\/div><div class=\"kc-elm kc-css-712871 kc_col-sm-4 kc_column kc_col-sm-4\"><div class=\"kc-col-container\"><div class=\"kc-elm kc-css-972652 kc_text_block\"><\/p>\n<p><strong>Local e Data<\/strong><\/p>\n<p>\n<\/div><div class=\"kc-elm kc-css-488847\" style=\"height: 15px; clear: both; width:100%;\"><\/div>\n<div class=\"kc-elm kc-css-808560\">\n\t<a class=\"kc_button\" href=\"http:\/\/carwashexpo.com.br\/local-e-data\/\" target=\"_self\" title=\"\" onclick=\"\">\n\t\tVeja mais\t<\/a>\n<\/div>\n<\/div><\/div><\/div><\/div><\/section><section class=\"kc-elm kc-css-305764 kc_row\"><div class=\"kc-row-container  kc-container\"><div class=\"kc-wrap-columns\"><div class=\"kc-elm kc-css-255264 kc_col-sm-12 kc_column kc_col-sm-12\"><div class=\"kc-col-container\"><\/div><\/div><\/div><\/div><\/section><\/p>\n","protected":false},"excerpt":{"rendered":"","protected":false},"author":1,"featured_media":0,"parent":0,"menu_order":0,"comment_status":"closed","ping_status":"closed","template":"","meta":{"inline_featured_image":false,"site-sidebar-layout":"default","site-content-layout":"","ast-site-content-layout":"default","site-content-style":"default","site-sidebar-style":"default","ast-global-header-display":"","ast-banner-title-visibility":"","ast-main-header-display":"","ast-hfb-above-header-display":"","ast-hfb-below-header-display":"","ast-hfb-mobile-header-display":"","site-post-title":"","ast-breadcrumbs-content":"","ast-featured-img":"","footer-sml-layout":"","theme-transparent-header-meta":"","adv-header-id-meta":"","stick-header-meta":"","header-above-stick-meta":"","header-main-stick-meta":"","header-below-stick-meta":"","astra-migrate-meta-layouts":"default","ast-page-background-enabled":"default","ast-page-background-meta":{"desktop":{"background-color":"var(--ast-global-color-4)","background-image":"","background-repeat":"repeat","background-position":"center center","background-size":"auto","background-attachment":"scroll","background-type":"","background-media":"","overlay-type":"","overlay-color":"","overlay-opacity":"","overlay-gradient":""},"tablet":{"background-color":"","background-image":"","background-repeat":"repeat","background-position":"center center","background-size":"auto","background-attachment":"scroll","background-type":"","background-media":"","overlay-type":"","overlay-color":"","overlay-opacity":"","overlay-gradient":""},"mobile":{"background-color":"","background-image":"","background-repeat":"repeat","background-position":"center center","background-size":"auto","background-attachment":"scroll","background-type":"","background-media":"","overlay-type":"","overlay-color":"","overlay-opacity":"","overlay-gradient":""}},"ast-content-background-meta":{"desktop":{"background-color":"var(--ast-global-color-5)","background-image":"","background-repeat":"repeat","background-position":"center center","background-size":"auto","background-attachment":"scroll","background-type":"","background-media":"","overlay-type":"","overlay-color":"","overlay-opacity":"","overlay-gradient":""},"tablet":{"background-color":"var(--ast-global-color-5)","background-image":"","background-repeat":"repeat","background-position":"center center","background-size":"auto","background-attachment":"scroll","background-type":"","background-media":"","overlay-type":"","overlay-color":"","overlay-opacity":"","overlay-gradient":""},"mobile":{"background-color":"var(--ast-global-color-5)","background-image":"","background-repeat":"repeat","background-position":"center center","background-size":"auto","background-attachment":"scroll","background-type":"","background-media":"","overlay-type":"","overlay-color":"","overlay-opacity":"","overlay-gradient":""}},"footnotes":""},"class_list":["post-2186","page","type-page","status-publish","hentry"],"yoast_head":"<!-- This site is optimized with the Yoast SEO plugin v25.9 - https:\/\/yoast.com\/wordpress\/plugins\/seo\/ -->\n<title>Quem Visita - Car Wash Expo<\/title>\n<meta name=\"description\" content=\"A CAR WASH EXPO foi idealizada para suprir a necessidade de uma feira profissional espec\u00edfica para o setor de limpeza e est\u00e9tica automotiva. Em um \u00fanico local, pretendemos aproximar fornecedores especializados de um p\u00fablico tomador de decis\u00e3o em busca de solu\u00e7\u00f5es para agregar valor aos seus servi\u00e7os.\" \/>\n<meta name=\"robots\" content=\"index, follow, max-snippet:-1, max-image-preview:large, max-video-preview:-1\" \/>\n<link rel=\"canonical\" href=\"https:\/\/carwashexpo.com.br\/site-novo\/quem-visita\/\" \/>\n<meta property=\"og:locale\" content=\"pt_BR\" \/>\n<meta property=\"og:type\" content=\"article\" \/>\n<meta property=\"og:title\" content=\"Quem Visita - Car Wash Expo\" \/>\n<meta property=\"og:description\" content=\"A CAR WASH EXPO foi idealizada para suprir a necessidade de uma feira profissional espec\u00edfica para o setor de limpeza e est\u00e9tica automotiva. Em um \u00fanico local, pretendemos aproximar fornecedores especializados de um p\u00fablico tomador de decis\u00e3o em busca de solu\u00e7\u00f5es para agregar valor aos seus servi\u00e7os.\" \/>\n<meta property=\"og:url\" content=\"https:\/\/carwashexpo.com.br\/site-novo\/quem-visita\/\" \/>\n<meta property=\"og:site_name\" content=\"Car Wash Expo\" \/>\n<meta property=\"article:publisher\" content=\"https:\/\/www.facebook.com\/CAR-WASH-EXPO-100771745399485\" \/>\n<meta property=\"article:modified_time\" content=\"2022-05-09T14:53:53+00:00\" \/>\n<meta name=\"twitter:card\" content=\"summary_large_image\" \/>\n<script type=\"application\/ld+json\" class=\"yoast-schema-graph\">{\"@context\":\"https:\/\/schema.org\",\"@graph\":[{\"@type\":\"WebPage\",\"@id\":\"https:\/\/carwashexpo.com.br\/site-novo\/quem-visita\/\",\"url\":\"https:\/\/carwashexpo.com.br\/site-novo\/quem-visita\/\",\"name\":\"Quem Visita - Car Wash Expo\",\"isPartOf\":{\"@id\":\"https:\/\/carwashexpo.com.br\/site-novo\/#website\"},\"datePublished\":\"2021-02-12T17:24:52+00:00\",\"dateModified\":\"2022-05-09T14:53:53+00:00\",\"description\":\"A CAR WASH EXPO foi idealizada para suprir a necessidade de uma feira profissional espec\u00edfica para o setor de limpeza e est\u00e9tica automotiva. Em um \u00fanico local, pretendemos aproximar fornecedores especializados de um p\u00fablico tomador de decis\u00e3o em busca de solu\u00e7\u00f5es para agregar valor aos seus servi\u00e7os.\",\"breadcrumb\":{\"@id\":\"https:\/\/carwashexpo.com.br\/site-novo\/quem-visita\/#breadcrumb\"},\"inLanguage\":\"pt-BR\",\"potentialAction\":[{\"@type\":\"ReadAction\",\"target\":[\"https:\/\/carwashexpo.com.br\/site-novo\/quem-visita\/\"]}]},{\"@type\":\"BreadcrumbList\",\"@id\":\"https:\/\/carwashexpo.com.br\/site-novo\/quem-visita\/#breadcrumb\",\"itemListElement\":[{\"@type\":\"ListItem\",\"position\":1,\"name\":\"In\u00edcio\",\"item\":\"https:\/\/carwashexpo.com.br\/site-novo\/\"},{\"@type\":\"ListItem\",\"position\":2,\"name\":\"Quem Visita\"}]},{\"@type\":\"WebSite\",\"@id\":\"https:\/\/carwashexpo.com.br\/site-novo\/#website\",\"url\":\"https:\/\/carwashexpo.com.br\/site-novo\/\",\"name\":\"Car Wash Expo\",\"description\":\"\",\"publisher\":{\"@id\":\"https:\/\/carwashexpo.com.br\/site-novo\/#organization\"},\"potentialAction\":[{\"@type\":\"SearchAction\",\"target\":{\"@type\":\"EntryPoint\",\"urlTemplate\":\"https:\/\/carwashexpo.com.br\/site-novo\/?s={search_term_string}\"},\"query-input\":{\"@type\":\"PropertyValueSpecification\",\"valueRequired\":true,\"valueName\":\"search_term_string\"}}],\"inLanguage\":\"pt-BR\"},{\"@type\":\"Organization\",\"@id\":\"https:\/\/carwashexpo.com.br\/site-novo\/#organization\",\"name\":\"Car Wash Expo\",\"url\":\"https:\/\/carwashexpo.com.br\/site-novo\/\",\"logo\":{\"@type\":\"ImageObject\",\"inLanguage\":\"pt-BR\",\"@id\":\"https:\/\/carwashexpo.com.br\/site-novo\/#\/schema\/logo\/image\/\",\"url\":\"https:\/\/carwashexpo.com.br\/site-novo\/wp-content\/uploads\/2021\/02\/logo-car-wash-expo.svg\",\"contentUrl\":\"https:\/\/carwashexpo.com.br\/site-novo\/wp-content\/uploads\/2021\/02\/logo-car-wash-expo.svg\",\"width\":128,\"height\":44,\"caption\":\"Car Wash Expo\"},\"image\":{\"@id\":\"https:\/\/carwashexpo.com.br\/site-novo\/#\/schema\/logo\/image\/\"},\"sameAs\":[\"https:\/\/www.facebook.com\/CAR-WASH-EXPO-100771745399485\",\"https:\/\/www.instagram.com\/carwashexpo\/\"]}]}<\/script>\n<!-- \/ Yoast SEO plugin. -->","yoast_head_json":{"title":"Quem Visita - Car Wash Expo","description":"A CAR WASH EXPO foi idealizada para suprir a necessidade de uma feira profissional espec\u00edfica para o setor de limpeza e est\u00e9tica automotiva. Em um \u00fanico local, pretendemos aproximar fornecedores especializados de um p\u00fablico tomador de decis\u00e3o em busca de solu\u00e7\u00f5es para agregar valor aos seus servi\u00e7os.","robots":{"index":"index","follow":"follow","max-snippet":"max-snippet:-1","max-image-preview":"max-image-preview:large","max-video-preview":"max-video-preview:-1"},"canonical":"https:\/\/carwashexpo.com.br\/site-novo\/quem-visita\/","og_locale":"pt_BR","og_type":"article","og_title":"Quem Visita - Car Wash Expo","og_description":"A CAR WASH EXPO foi idealizada para suprir a necessidade de uma feira profissional espec\u00edfica para o setor de limpeza e est\u00e9tica automotiva. Em um \u00fanico local, pretendemos aproximar fornecedores especializados de um p\u00fablico tomador de decis\u00e3o em busca de solu\u00e7\u00f5es para agregar valor aos seus servi\u00e7os.","og_url":"https:\/\/carwashexpo.com.br\/site-novo\/quem-visita\/","og_site_name":"Car Wash Expo","article_publisher":"https:\/\/www.facebook.com\/CAR-WASH-EXPO-100771745399485","article_modified_time":"2022-05-09T14:53:53+00:00","twitter_card":"summary_large_image","schema":{"@context":"https:\/\/schema.org","@graph":[{"@type":"WebPage","@id":"https:\/\/carwashexpo.com.br\/site-novo\/quem-visita\/","url":"https:\/\/carwashexpo.com.br\/site-novo\/quem-visita\/","name":"Quem Visita - Car Wash Expo","isPartOf":{"@id":"https:\/\/carwashexpo.com.br\/site-novo\/#website"},"datePublished":"2021-02-12T17:24:52+00:00","dateModified":"2022-05-09T14:53:53+00:00","description":"A CAR WASH EXPO foi idealizada para suprir a necessidade de uma feira profissional espec\u00edfica para o setor de limpeza e est\u00e9tica automotiva. Em um \u00fanico local, pretendemos aproximar fornecedores especializados de um p\u00fablico tomador de decis\u00e3o em busca de solu\u00e7\u00f5es para agregar valor aos seus servi\u00e7os.","breadcrumb":{"@id":"https:\/\/carwashexpo.com.br\/site-novo\/quem-visita\/#breadcrumb"},"inLanguage":"pt-BR","potentialAction":[{"@type":"ReadAction","target":["https:\/\/carwashexpo.com.br\/site-novo\/quem-visita\/"]}]},{"@type":"BreadcrumbList","@id":"https:\/\/carwashexpo.com.br\/site-novo\/quem-visita\/#breadcrumb","itemListElement":[{"@type":"ListItem","position":1,"name":"In\u00edcio","item":"https:\/\/carwashexpo.com.br\/site-novo\/"},{"@type":"ListItem","position":2,"name":"Quem Visita"}]},{"@type":"WebSite","@id":"https:\/\/carwashexpo.com.br\/site-novo\/#website","url":"https:\/\/carwashexpo.com.br\/site-novo\/","name":"Car Wash Expo","description":"","publisher":{"@id":"https:\/\/carwashexpo.com.br\/site-novo\/#organization"},"potentialAction":[{"@type":"SearchAction","target":{"@type":"EntryPoint","urlTemplate":"https:\/\/carwashexpo.com.br\/site-novo\/?s={search_term_string}"},"query-input":{"@type":"PropertyValueSpecification","valueRequired":true,"valueName":"search_term_string"}}],"inLanguage":"pt-BR"},{"@type":"Organization","@id":"https:\/\/carwashexpo.com.br\/site-novo\/#organization","name":"Car Wash Expo","url":"https:\/\/carwashexpo.com.br\/site-novo\/","logo":{"@type":"ImageObject","inLanguage":"pt-BR","@id":"https:\/\/carwashexpo.com.br\/site-novo\/#\/schema\/logo\/image\/","url":"https:\/\/carwashexpo.com.br\/site-novo\/wp-content\/uploads\/2021\/02\/logo-car-wash-expo.svg","contentUrl":"https:\/\/carwashexpo.com.br\/site-novo\/wp-content\/uploads\/2021\/02\/logo-car-wash-expo.svg","width":128,"height":44,"caption":"Car Wash Expo"},"image":{"@id":"https:\/\/carwashexpo.com.br\/site-novo\/#\/schema\/logo\/image\/"},"sameAs":["https:\/\/www.facebook.com\/CAR-WASH-EXPO-100771745399485","https:\/\/www.instagram.com\/carwashexpo\/"]}]}},"_links":{"self":[{"href":"https:\/\/carwashexpo.com.br\/site-novo\/wp-json\/wp\/v2\/pages\/2186","targetHints":{"allow":["GET"]}}],"collection":[{"href":"https:\/\/carwashexpo.com.br\/site-novo\/wp-json\/wp\/v2\/pages"}],"about":[{"href":"https:\/\/carwashexpo.com.br\/site-novo\/wp-json\/wp\/v2\/types\/page"}],"author":[{"embeddable":true,"href":"https:\/\/carwashexpo.com.br\/site-novo\/wp-json\/wp\/v2\/users\/1"}],"replies":[{"embeddable":true,"href":"https:\/\/carwashexpo.com.br\/site-novo\/wp-json\/wp\/v2\/comments?post=2186"}],"version-history":[{"count":16,"href":"https:\/\/carwashexpo.com.br\/site-novo\/wp-json\/wp\/v2\/pages\/2186\/revisions"}],"predecessor-version":[{"id":2189,"href":"https:\/\/carwashexpo.com.br\/site-novo\/wp-json\/wp\/v2\/pages\/2186\/revisions\/2189"}],"wp:attachment":[{"href":"https:\/\/carwashexpo.com.br\/site-novo\/wp-json\/wp\/v2\/media?parent=2186"}],"curies":[{"name":"wp","href":"https:\/\/api.w.org\/{rel}","templated":true}]}}