{"id":2182,"date":"2021-02-12T14:21:33","date_gmt":"2021-02-12T17:21:33","guid":{"rendered":"http:\/\/carwashexpo.com.br\/sitenovo\/?page_id=2182"},"modified":"2023-08-29T09:55:20","modified_gmt":"2023-08-29T12:55:20","slug":"local-e-data","status":"publish","type":"page","link":"https:\/\/carwashexpo.com.br\/site-novo\/local-e-data\/","title":{"rendered":"Local e Data"},"content":{"rendered":"<p><section data-kc-fullwidth=\"content\" class=\"kc-elm kc-css-535557 kc_row\"><div class=\"kc-row-container\"><div class=\"kc-wrap-columns\"><div class=\"kc-elm kc-css-264793 kc_column kc_col-sm-12\"><div class=\"kc-col-container\"><div class=\"kc-elm kc-css-134125 kc_text_block\"><\/p>\n<p style=\"font-size: 24px !important;\"><strong>Data:<\/strong> 26 a 28 de Novembro de 2024, das 14h00 \u00e0s 20h00.<\/p>\n<p>\n<\/div><\/div><\/div><\/div><\/div><\/section><section data-kc-fullwidth=\"content\" class=\"kc-elm kc-css-836607 kc_row\"><div class=\"kc-row-container\"><div class=\"kc-wrap-columns\"><div class=\"kc-elm kc-css-518524 kc_column kc_col-sm-12\"><div class=\"kc-col-container\"><div class=\"kc-elm kc-css-472450 kc_text_block\"><\/p>\n<p style=\"font-size: 24px !important;\"><strong>Endere\u00e7o:<\/strong> Rodovia dos Imigrantes, Km 1,5 \u2013 Pavilh\u00e3o 6 \u2013 S\u00e3o Paulo \u2013 SP<\/p>\n<p>\n<\/div><\/div><\/div><\/div><\/div><\/section><section data-kc-fullwidth=\"content\" class=\"kc-elm kc-css-154765 kc_row\"><div class=\"kc-row-container\"><div class=\"kc-wrap-columns\"><div class=\"kc-elm kc-css-581905 kc_col-sm-12 kc_column kc_col-sm-12\"><div class=\"kc-col-container\"><div class=\"kc-elm kc-css-613419\" style=\"height: 40px; clear: both; width:100%;\"><\/div><\/div><\/div><\/div><\/div><\/section><section data-kc-fullwidth=\"content\" class=\"kc-elm kc-css-509182 kc_row\"><div class=\"kc-row-container\"><div class=\"kc-wrap-columns\"><div class=\"kc-elm kc-css-638254 kc_col-sm-12 kc_column kc_col-sm-12\"><div class=\"kc-col-container\"><div class=\"kc-elm kc-css-102608 kc_google_maps kc_shortcode\"><div style=\"height: 350px\" class=\"kc-google-maps\"><iframe loading=\"lazy\" style=\"border: 0;\" src=\"https:\/\/www.google.com\/maps\/embed?pb=!1m14!1m8!1m3!1d7309.807039405845!2d-46.629604!3d-23.643626!3m2!1i1024!2i768!4f13.1!3m3!1m2!1s0x0%3A0x31916ce58f719167!2sS%C3%A3o+Paulo+Expo!5e0!3m2!1spt-BR!2sbr!4v1536851148932\" width=\"100%\" height=\"350\" frameborder=\"0\" allowfullscreen=\"allowfullscreen\"><\/iframe><\/div><\/div><\/div><\/div><\/div><\/div><\/section><section class=\"kc-elm kc-css-401170 kc_row\"><div class=\"kc-row-container  kc-container\"><div class=\"kc-wrap-columns\"><div class=\"kc-elm kc-css-53245 kc_col-sm-12 kc_column kc_col-sm-12\"><div class=\"kc-col-container\"><div class=\"kc-elm kc-css-175566\" style=\"height: 40px; clear: both; width:100%;\"><\/div><\/div><\/div><\/div><\/div><\/section><section data-kc-fullwidth=\"content\" class=\"kc-elm kc-css-151234 kc_row\"><div class=\"kc-row-container\"><div class=\"kc-wrap-columns\"><div class=\"kc-elm kc-css-733095 kc_column kc_col-sm-12\"><div class=\"kc-col-container\"><div class=\"kc-elm kc-css-889214 kc_text_block\"><\/p>\n<p>O S\u00e3o Paulo Expo colocou a cidade de S\u00e3o Paulo na rota dos principais eventos da Am\u00e9rica Latina, refor\u00e7ando a cidade como destino mundial para o turismo de neg\u00f3cios e entretenimento.<\/p>\n<p>Com padr\u00e3o internacional e gest\u00e3o de um dos maiores grupos de eventos do mundo, o S\u00e3o Paulo Expo re\u00fane todos os elementos para realizar com sucesso Feiras, Exposi\u00e7\u00f5es, Congressos, Eventos Corporativos e Eventos Sociais.<\/p>\n<p>Arrojado, combina hospitalidade com moderna infraestrutura, versatilidade e conforto sem igual.<\/p>\n<p>\n<\/div><\/div><\/div><\/div><\/div><\/section><section data-kc-fullwidth=\"content\" class=\"kc-elm kc-css-929022 kc_row\"><div class=\"kc-row-container\"><div class=\"kc-wrap-columns\"><div class=\"kc-elm kc-css-796952 kc_column kc_col-sm-12\"><div class=\"kc-col-container\"><div class=\"kc-elm kc-css-529132\" style=\"height: 40px; clear: both; width:100%;\"><\/div><\/div><\/div><\/div><\/div><\/section><section class=\"kc-elm kc-css-272973 kc_row\"><div class=\"kc-row-container  kc-container\"><div class=\"kc-wrap-columns\"><div class=\"kc-elm kc-css-789493 kc_col-sm-4 kc_column kc_col-sm-4\"><div class=\"kc-col-container\"><div class=\"kc-elm kc-css-298512 kc_text_block\"><\/p>\n<p><strong>INFORMA\u00c7\u00d5ES GERAIS<\/strong><\/p>\n<p>\n<\/div><div class=\"kc-elm kc-css-713566\" style=\"height: 40px; clear: both; width:100%;\"><\/div>\n<div class=\"kc-elm kc-css-591822\">\n\t<a class=\"kc_button\" href=\"http:\/\/carwashexpo.com.br\/informacoes-gerais\/\" target=\"_self\" title=\"\" onclick=\"\">\n\t\tVeja mais\t<\/a>\n<\/div>\n<\/div><\/div><div class=\"kc-elm kc-css-722050 kc_col-sm-4 kc_column kc_col-sm-4\"><div class=\"kc-col-container\"><div class=\"kc-elm kc-css-595610 kc_text_block\"><\/p>\n<p><strong>QUEM VISITA<\/strong><\/p>\n<p>\n<\/div><div class=\"kc-elm kc-css-150072\" style=\"height: 40px; clear: both; width:100%;\"><\/div>\n<div class=\"kc-elm kc-css-680007\">\n\t<a class=\"kc_button\" href=\"http:\/\/carwashexpo.com.br\/quem-visita\/\" target=\"_self\" title=\"\" onclick=\"\">\n\t\tVeja mais\t<\/a>\n<\/div>\n<\/div><\/div><div class=\"kc-elm kc-css-61620 kc_col-sm-4 kc_column kc_col-sm-4\"><div class=\"kc-col-container\"><div class=\"kc-elm kc-css-321804 kc_text_block\"><\/p>\n<p><strong>QUEM EXP\u00d5E<\/strong><\/p>\n<p>\n<\/div><div class=\"kc-elm kc-css-122671\" style=\"height: 40px; clear: both; width:100%;\"><\/div>\n<div class=\"kc-elm kc-css-65432\">\n\t<a class=\"kc_button\" href=\"http:\/\/carwashexpo.com.br\/quem-expoe\/\" target=\"_self\" title=\"\" onclick=\"\">\n\t\tVeja mais\t<\/a>\n<\/div>\n<\/div><\/div><\/div><\/div><\/section><\/p>\n","protected":false},"excerpt":{"rendered":"","protected":false},"author":1,"featured_media":0,"parent":0,"menu_order":0,"comment_status":"closed","ping_status":"closed","template":"","meta":{"inline_featured_image":false,"site-sidebar-layout":"default","site-content-layout":"","ast-site-content-layout":"default","site-content-style":"default","site-sidebar-style":"default","ast-global-header-display":"","ast-banner-title-visibility":"","ast-main-header-display":"","ast-hfb-above-header-display":"","ast-hfb-below-header-display":"","ast-hfb-mobile-header-display":"","site-post-title":"","ast-breadcrumbs-content":"","ast-featured-img":"","footer-sml-layout":"","theme-transparent-header-meta":"","adv-header-id-meta":"","stick-header-meta":"","header-above-stick-meta":"","header-main-stick-meta":"","header-below-stick-meta":"","astra-migrate-meta-layouts":"default","ast-page-background-enabled":"default","ast-page-background-meta":{"desktop":{"background-color":"var(--ast-global-color-4)","background-image":"","background-repeat":"repeat","background-position":"center center","background-size":"auto","background-attachment":"scroll","background-type":"","background-media":"","overlay-type":"","overlay-color":"","overlay-opacity":"","overlay-gradient":""},"tablet":{"background-color":"","background-image":"","background-repeat":"repeat","background-position":"center center","background-size":"auto","background-attachment":"scroll","background-type":"","background-media":"","overlay-type":"","overlay-color":"","overlay-opacity":"","overlay-gradient":""},"mobile":{"background-color":"","background-image":"","background-repeat":"repeat","background-position":"center center","background-size":"auto","background-attachment":"scroll","background-type":"","background-media":"","overlay-type":"","overlay-color":"","overlay-opacity":"","overlay-gradient":""}},"ast-content-background-meta":{"desktop":{"background-color":"var(--ast-global-color-5)","background-image":"","background-repeat":"repeat","background-position":"center center","background-size":"auto","background-attachment":"scroll","background-type":"","background-media":"","overlay-type":"","overlay-color":"","overlay-opacity":"","overlay-gradient":""},"tablet":{"background-color":"var(--ast-global-color-5)","background-image":"","background-repeat":"repeat","background-position":"center center","background-size":"auto","background-attachment":"scroll","background-type":"","background-media":"","overlay-type":"","overlay-color":"","overlay-opacity":"","overlay-gradient":""},"mobile":{"background-color":"var(--ast-global-color-5)","background-image":"","background-repeat":"repeat","background-position":"center center","background-size":"auto","background-attachment":"scroll","background-type":"","background-media":"","overlay-type":"","overlay-color":"","overlay-opacity":"","overlay-gradient":""}},"footnotes":""},"class_list":["post-2182","page","type-page","status-publish","hentry"],"yoast_head":"<!-- This site is optimized with the Yoast SEO plugin v25.9 - https:\/\/yoast.com\/wordpress\/plugins\/seo\/ -->\n<title>Local e Data - Car Wash Expo<\/title>\n<meta name=\"description\" content=\"A CAR WASH EXPO foi idealizada para suprir a necessidade de uma feira profissional espec\u00edfica para o setor de limpeza e est\u00e9tica automotiva. Em um \u00fanico local, pretendemos aproximar fornecedores especializados de um p\u00fablico tomador de decis\u00e3o em busca de solu\u00e7\u00f5es para agregar valor aos seus servi\u00e7os.\" \/>\n<meta name=\"robots\" content=\"index, follow, max-snippet:-1, max-image-preview:large, max-video-preview:-1\" \/>\n<link rel=\"canonical\" href=\"https:\/\/carwashexpo.com.br\/site-novo\/local-e-data\/\" \/>\n<meta property=\"og:locale\" content=\"pt_BR\" \/>\n<meta property=\"og:type\" content=\"article\" \/>\n<meta property=\"og:title\" content=\"Local e Data - Car Wash Expo\" \/>\n<meta property=\"og:description\" content=\"A CAR WASH EXPO foi idealizada para suprir a necessidade de uma feira profissional espec\u00edfica para o setor de limpeza e est\u00e9tica automotiva. Em um \u00fanico local, pretendemos aproximar fornecedores especializados de um p\u00fablico tomador de decis\u00e3o em busca de solu\u00e7\u00f5es para agregar valor aos seus servi\u00e7os.\" \/>\n<meta property=\"og:url\" content=\"https:\/\/carwashexpo.com.br\/site-novo\/local-e-data\/\" \/>\n<meta property=\"og:site_name\" content=\"Car Wash Expo\" \/>\n<meta property=\"article:publisher\" content=\"https:\/\/www.facebook.com\/CAR-WASH-EXPO-100771745399485\" \/>\n<meta property=\"article:modified_time\" content=\"2023-08-29T12:55:20+00:00\" \/>\n<meta name=\"twitter:card\" content=\"summary_large_image\" \/>\n<meta name=\"twitter:label1\" content=\"Est. tempo de leitura\" \/>\n\t<meta name=\"twitter:data1\" content=\"1 minuto\" \/>\n<script type=\"application\/ld+json\" class=\"yoast-schema-graph\">{\"@context\":\"https:\/\/schema.org\",\"@graph\":[{\"@type\":\"WebPage\",\"@id\":\"https:\/\/carwashexpo.com.br\/site-novo\/local-e-data\/\",\"url\":\"https:\/\/carwashexpo.com.br\/site-novo\/local-e-data\/\",\"name\":\"Local e Data - Car Wash Expo\",\"isPartOf\":{\"@id\":\"https:\/\/carwashexpo.com.br\/site-novo\/#website\"},\"datePublished\":\"2021-02-12T17:21:33+00:00\",\"dateModified\":\"2023-08-29T12:55:20+00:00\",\"description\":\"A CAR WASH EXPO foi idealizada para suprir a necessidade de uma feira profissional espec\u00edfica para o setor de limpeza e est\u00e9tica automotiva. Em um \u00fanico local, pretendemos aproximar fornecedores especializados de um p\u00fablico tomador de decis\u00e3o em busca de solu\u00e7\u00f5es para agregar valor aos seus servi\u00e7os.\",\"breadcrumb\":{\"@id\":\"https:\/\/carwashexpo.com.br\/site-novo\/local-e-data\/#breadcrumb\"},\"inLanguage\":\"pt-BR\",\"potentialAction\":[{\"@type\":\"ReadAction\",\"target\":[\"https:\/\/carwashexpo.com.br\/site-novo\/local-e-data\/\"]}]},{\"@type\":\"BreadcrumbList\",\"@id\":\"https:\/\/carwashexpo.com.br\/site-novo\/local-e-data\/#breadcrumb\",\"itemListElement\":[{\"@type\":\"ListItem\",\"position\":1,\"name\":\"In\u00edcio\",\"item\":\"https:\/\/carwashexpo.com.br\/site-novo\/\"},{\"@type\":\"ListItem\",\"position\":2,\"name\":\"Local e Data\"}]},{\"@type\":\"WebSite\",\"@id\":\"https:\/\/carwashexpo.com.br\/site-novo\/#website\",\"url\":\"https:\/\/carwashexpo.com.br\/site-novo\/\",\"name\":\"Car Wash Expo\",\"description\":\"\",\"publisher\":{\"@id\":\"https:\/\/carwashexpo.com.br\/site-novo\/#organization\"},\"potentialAction\":[{\"@type\":\"SearchAction\",\"target\":{\"@type\":\"EntryPoint\",\"urlTemplate\":\"https:\/\/carwashexpo.com.br\/site-novo\/?s={search_term_string}\"},\"query-input\":{\"@type\":\"PropertyValueSpecification\",\"valueRequired\":true,\"valueName\":\"search_term_string\"}}],\"inLanguage\":\"pt-BR\"},{\"@type\":\"Organization\",\"@id\":\"https:\/\/carwashexpo.com.br\/site-novo\/#organization\",\"name\":\"Car Wash Expo\",\"url\":\"https:\/\/carwashexpo.com.br\/site-novo\/\",\"logo\":{\"@type\":\"ImageObject\",\"inLanguage\":\"pt-BR\",\"@id\":\"https:\/\/carwashexpo.com.br\/site-novo\/#\/schema\/logo\/image\/\",\"url\":\"https:\/\/carwashexpo.com.br\/site-novo\/wp-content\/uploads\/2021\/02\/logo-car-wash-expo.svg\",\"contentUrl\":\"https:\/\/carwashexpo.com.br\/site-novo\/wp-content\/uploads\/2021\/02\/logo-car-wash-expo.svg\",\"width\":128,\"height\":44,\"caption\":\"Car Wash Expo\"},\"image\":{\"@id\":\"https:\/\/carwashexpo.com.br\/site-novo\/#\/schema\/logo\/image\/\"},\"sameAs\":[\"https:\/\/www.facebook.com\/CAR-WASH-EXPO-100771745399485\",\"https:\/\/www.instagram.com\/carwashexpo\/\"]}]}<\/script>\n<!-- \/ Yoast SEO plugin. -->","yoast_head_json":{"title":"Local e Data - Car Wash Expo","description":"A CAR WASH EXPO foi idealizada para suprir a necessidade de uma feira profissional espec\u00edfica para o setor de limpeza e est\u00e9tica automotiva. Em um \u00fanico local, pretendemos aproximar fornecedores especializados de um p\u00fablico tomador de decis\u00e3o em busca de solu\u00e7\u00f5es para agregar valor aos seus servi\u00e7os.","robots":{"index":"index","follow":"follow","max-snippet":"max-snippet:-1","max-image-preview":"max-image-preview:large","max-video-preview":"max-video-preview:-1"},"canonical":"https:\/\/carwashexpo.com.br\/site-novo\/local-e-data\/","og_locale":"pt_BR","og_type":"article","og_title":"Local e Data - Car Wash Expo","og_description":"A CAR WASH EXPO foi idealizada para suprir a necessidade de uma feira profissional espec\u00edfica para o setor de limpeza e est\u00e9tica automotiva. Em um \u00fanico local, pretendemos aproximar fornecedores especializados de um p\u00fablico tomador de decis\u00e3o em busca de solu\u00e7\u00f5es para agregar valor aos seus servi\u00e7os.","og_url":"https:\/\/carwashexpo.com.br\/site-novo\/local-e-data\/","og_site_name":"Car Wash Expo","article_publisher":"https:\/\/www.facebook.com\/CAR-WASH-EXPO-100771745399485","article_modified_time":"2023-08-29T12:55:20+00:00","twitter_card":"summary_large_image","twitter_misc":{"Est. tempo de leitura":"1 minuto"},"schema":{"@context":"https:\/\/schema.org","@graph":[{"@type":"WebPage","@id":"https:\/\/carwashexpo.com.br\/site-novo\/local-e-data\/","url":"https:\/\/carwashexpo.com.br\/site-novo\/local-e-data\/","name":"Local e Data - Car Wash Expo","isPartOf":{"@id":"https:\/\/carwashexpo.com.br\/site-novo\/#website"},"datePublished":"2021-02-12T17:21:33+00:00","dateModified":"2023-08-29T12:55:20+00:00","description":"A CAR WASH EXPO foi idealizada para suprir a necessidade de uma feira profissional espec\u00edfica para o setor de limpeza e est\u00e9tica automotiva. Em um \u00fanico local, pretendemos aproximar fornecedores especializados de um p\u00fablico tomador de decis\u00e3o em busca de solu\u00e7\u00f5es para agregar valor aos seus servi\u00e7os.","breadcrumb":{"@id":"https:\/\/carwashexpo.com.br\/site-novo\/local-e-data\/#breadcrumb"},"inLanguage":"pt-BR","potentialAction":[{"@type":"ReadAction","target":["https:\/\/carwashexpo.com.br\/site-novo\/local-e-data\/"]}]},{"@type":"BreadcrumbList","@id":"https:\/\/carwashexpo.com.br\/site-novo\/local-e-data\/#breadcrumb","itemListElement":[{"@type":"ListItem","position":1,"name":"In\u00edcio","item":"https:\/\/carwashexpo.com.br\/site-novo\/"},{"@type":"ListItem","position":2,"name":"Local e Data"}]},{"@type":"WebSite","@id":"https:\/\/carwashexpo.com.br\/site-novo\/#website","url":"https:\/\/carwashexpo.com.br\/site-novo\/","name":"Car Wash Expo","description":"","publisher":{"@id":"https:\/\/carwashexpo.com.br\/site-novo\/#organization"},"potentialAction":[{"@type":"SearchAction","target":{"@type":"EntryPoint","urlTemplate":"https:\/\/carwashexpo.com.br\/site-novo\/?s={search_term_string}"},"query-input":{"@type":"PropertyValueSpecification","valueRequired":true,"valueName":"search_term_string"}}],"inLanguage":"pt-BR"},{"@type":"Organization","@id":"https:\/\/carwashexpo.com.br\/site-novo\/#organization","name":"Car Wash Expo","url":"https:\/\/carwashexpo.com.br\/site-novo\/","logo":{"@type":"ImageObject","inLanguage":"pt-BR","@id":"https:\/\/carwashexpo.com.br\/site-novo\/#\/schema\/logo\/image\/","url":"https:\/\/carwashexpo.com.br\/site-novo\/wp-content\/uploads\/2021\/02\/logo-car-wash-expo.svg","contentUrl":"https:\/\/carwashexpo.com.br\/site-novo\/wp-content\/uploads\/2021\/02\/logo-car-wash-expo.svg","width":128,"height":44,"caption":"Car Wash Expo"},"image":{"@id":"https:\/\/carwashexpo.com.br\/site-novo\/#\/schema\/logo\/image\/"},"sameAs":["https:\/\/www.facebook.com\/CAR-WASH-EXPO-100771745399485","https:\/\/www.instagram.com\/carwashexpo\/"]}]}},"_links":{"self":[{"href":"https:\/\/carwashexpo.com.br\/site-novo\/wp-json\/wp\/v2\/pages\/2182","targetHints":{"allow":["GET"]}}],"collection":[{"href":"https:\/\/carwashexpo.com.br\/site-novo\/wp-json\/wp\/v2\/pages"}],"about":[{"href":"https:\/\/carwashexpo.com.br\/site-novo\/wp-json\/wp\/v2\/types\/page"}],"author":[{"embeddable":true,"href":"https:\/\/carwashexpo.com.br\/site-novo\/wp-json\/wp\/v2\/users\/1"}],"replies":[{"embeddable":true,"href":"https:\/\/carwashexpo.com.br\/site-novo\/wp-json\/wp\/v2\/comments?post=2182"}],"version-history":[{"count":19,"href":"https:\/\/carwashexpo.com.br\/site-novo\/wp-json\/wp\/v2\/pages\/2182\/revisions"}],"predecessor-version":[{"id":3451,"href":"https:\/\/carwashexpo.com.br\/site-novo\/wp-json\/wp\/v2\/pages\/2182\/revisions\/3451"}],"wp:attachment":[{"href":"https:\/\/carwashexpo.com.br\/site-novo\/wp-json\/wp\/v2\/media?parent=2182"}],"curies":[{"name":"wp","href":"https:\/\/api.w.org\/{rel}","templated":true}]}}